{"id":1081,"date":"2020-04-27T15:58:49","date_gmt":"2020-04-27T13:58:49","guid":{"rendered":"http:\/\/deingleichgewicht.com\/?page_id=1081"},"modified":"2022-03-14T13:34:42","modified_gmt":"2022-03-14T12:34:42","slug":"hygiene","status":"publish","type":"page","link":"https:\/\/deingleichgewicht.com\/index.php\/shiatsu\/hygiene\/","title":{"rendered":"Hygiene"},"content":{"rendered":"<div class=\"wpb-content-wrapper\"><p>[vc_row][vc_column]<div class=\"mkdf-section-title-holder  mkdf-st-standard mkdf-st-title-left mkdf-st-normal-space \" style=\"text-align: center\">\n\t<div class=\"mkdf-st-inner\">\n\t\t<svg version=\"1.1\" \n\t\t\t\tclass=\"mkdf-animated-svg\" \n\t\t\t\tid=\"mkdf-animated-svg-629\"\n\t\t\t\txmlns=\"http:\/\/www.w3.org\/2000\/svg\" xmlns:xlink=\"http:\/\/www.w3.org\/1999\/xlink\"\n\t\t\t\tx=\"0px\"\n\t\t\t\ty=\"0px\" \n\t\t\t\twidth=\"49px\" \n\t\t\t\theight=\"49px\" \n\t\t\t\tviewBox=\"0 0 49 49\" \n\t\t\t\tenable-background=\"new 0 0 49 49\" \n\t\t\t\txml:space=\"preserve\"><path xmlns=\"http:\/\/www.w3.org\/2000\/svg\" fill=\"none\" stroke=\"#D5B981\" stroke-width=\"1.75\" stroke-linecap=\"round\" stroke-miterlimit=\"10\" d=\"M20.365,25.008   c0,0-2.723,1.645-4.163,4.133c-1.439,2.49-0.817,4.824-0.7,5.719c0.116,0.896-0.156,2.296,0.428,4.086s3.151,4.941,5.797,6.458   c2.912,1.671,3.242,3.661,3.272,3.657c0.03-0.002,0.36-1.98,3.273-3.651c2.646-1.517,5.212-4.67,5.797-6.458   c0.582-1.79,0.31-3.19,0.427-4.086c0.115-0.895,0.739-3.229-0.701-5.719c-1.438-2.49-4.159-4.013-4.163-4.145   s2.725-1.653,4.163-4.143c1.44-2.491,0.816-4.825,0.701-5.72c-0.117-0.895,0.155-2.296-0.427-4.084   c-0.585-1.791-3.151-4.942-5.797-6.458c-2.913-1.67-3.226-3.66-3.273-3.658c-0.049,0.002-0.36,1.992-3.272,3.662   c-2.646,1.518-5.213,4.669-5.797,6.458c-0.583,1.791-0.312,3.19-0.428,4.085c-0.117,0.895-0.739,3.229,0.7,5.719   C17.642,23.355,20.365,25.008,20.365,25.008\" class=\"RMNQAmVi_0\"\/>\n<path xmlns=\"http:\/\/www.w3.org\/2000\/svg\" fill=\"none\" stroke=\"#D5B981\" stroke-width=\"1.75\" stroke-linecap=\"round\" stroke-miterlimit=\"10\" d=\"M21.728,28.282   c0,0-0.763,3.09-0.021,5.866c0.743,2.78,2.833,3.989,3.549,4.539c0.715,0.552,1.513,1.734,3.19,2.588   c1.681,0.854,5.723,1.264,8.667,0.468c3.239-0.878,4.816,0.356,4.898,0.271c0.082-0.084-1.146-1.655-0.269-4.896   c0.799-2.943,0.386-6.988-0.467-8.667c-0.853-1.678-2.035-2.475-2.587-3.19c-0.55-0.716-1.76-2.807-4.538-3.549   c-2.779-0.743-5.779,0.104-5.874,0.012c-0.098-0.09,0.755-3.094,0.014-5.873c-0.743-2.778-2.834-3.989-3.55-4.539   c-0.715-0.55-1.513-1.733-3.19-2.585c-1.678-0.854-5.723-1.267-8.667-0.469c-3.24,0.878-4.867-0.308-4.899-0.272   C7.936,8.041,9.139,9.65,8.261,12.891c-0.798,2.943-0.385,6.987,0.468,8.666c0.853,1.677,2.035,2.475,2.586,3.19   c0.55,0.716,1.76,2.807,4.539,3.549C18.633,29.039,21.728,28.282,21.728,28.282\" class=\"RMNQAmVi_1\"\/>\n<path xmlns=\"http:\/\/www.w3.org\/2000\/svg\" fill=\"none\" stroke=\"#D5B981\" stroke-width=\"1.75\" stroke-linecap=\"round\" stroke-miterlimit=\"10\" d=\"M25.007,29.638   c0,0,1.644,2.724,4.134,4.162c2.49,1.44,4.824,0.817,5.719,0.7s2.295,0.157,4.084-0.427c1.791-0.584,4.942-3.151,6.46-5.798   c1.669-2.912,3.659-3.242,3.657-3.273c-0.004-0.028-1.982-0.359-3.651-3.271c-1.518-2.646-4.669-5.213-6.46-5.797   c-1.789-0.583-3.189-0.312-4.084-0.427c-0.895-0.118-3.23-0.74-5.719,0.701c-2.49,1.438-4.014,4.159-4.146,4.162   c-0.132,0.003-1.654-2.724-4.144-4.162c-2.49-1.44-4.825-0.818-5.719-0.701c-0.895,0.117-2.295-0.156-4.085,0.427   c-1.79,0.583-4.941,3.151-6.458,5.798c-1.671,2.911-3.66,3.224-3.658,3.271c0.002,0.049,1.992,0.361,3.663,3.273   c1.517,2.646,4.668,5.214,6.458,5.798c1.79,0.584,3.19,0.312,4.085,0.427c0.895,0.117,3.229,0.74,5.719-0.7   C23.354,32.361,25.007,29.638,25.007,29.638\" class=\"RMNQAmVi_2\"\/>\n<path xmlns=\"http:\/\/www.w3.org\/2000\/svg\" fill=\"none\" stroke=\"#D5B981\" stroke-width=\"1.75\" stroke-linecap=\"round\" stroke-miterlimit=\"10\" d=\"M28.281,28.275   c0,0,3.089,0.762,5.866,0.021c2.78-0.744,3.99-2.834,4.54-3.55c0.55-0.714,1.734-1.512,2.587-3.19   c0.853-1.679,1.264-5.722,0.467-8.666c-0.877-3.24,0.311-4.853,0.272-4.9c-0.038-0.047-1.655,1.146-4.896,0.268   c-2.942-0.798-6.987-0.385-8.665,0.469c-1.678,0.853-2.477,2.035-3.191,2.585c-0.716,0.549-2.806,1.761-3.549,4.539   c-0.743,2.779,0.104,5.779,0.013,5.874c-0.091,0.095-3.095-0.756-5.874-0.013c-2.778,0.742-3.989,2.833-4.539,3.55   c-0.55,0.713-1.733,1.513-2.586,3.19c-0.853,1.677-1.266,5.722-0.468,8.665c0.878,3.24-0.391,4.778-0.272,4.899   c0.119,0.123,1.664-1.153,4.904-0.275c2.943,0.798,6.988,0.386,8.666-0.468c1.678-0.852,2.476-2.036,3.191-2.586   c0.715-0.551,2.805-1.761,3.55-4.539C29.038,31.37,28.281,28.275,28.281,28.275\" class=\"RMNQAmVi_3\"\/><\/svg>\n\t\t\t\t\t<div class=\"mkdf-separator-holder clearfix\">\n\t\t\t\t<div class=\"mkdf-separator\"><\/div>\n\t\t\t<\/div>\n\t\t\t\t\t\t\t<h2 class=\"mkdf-st-title\" >\n\t\t\t\tInformation \u00fcber Hygienema\u00dfnahmen in der Praxis\t\t\t<\/h2>\n\t\t\t\t\t<\/div>\n<\/div>[vc_column_text]Alle meine Bestandskunden, wissen bereits \u00fcber meine (schon vor Covid)\u00a0 hohen Hygienestandards. z.B. mich selbstverst\u00e4ndliche Dinge wie Desinfizieren des Body Cushion vor und nach jeder Behandlung, H\u00e4ndewaschen vor und nach jeder Behandlung, frische Bez\u00fcge f\u00fcr jeden Klienten etc.<\/p>\n<p>Hier m\u00f6chte ich alle Bestandskunden und zuk\u00fcnftigen Kunden noch etwas genauer \u00fcber die Ma\u00dfnahmen, die in meiner Praxis gesetzt werden, informieren.<br \/>\nWeiters weise ich darauf hin, dass die Eigenverantwortung eines jeden nicht an der Praxist\u00fcre abgegeben werden kann. Trotz hoher Standards und der gesetzten Ma\u00dfnahmen besteht ein gewisses Restrisiko, welches sich nun mal durch die im Shiatsu stattfindende Interaktion ergibt. Solltest du diesbez\u00fcglich verunsichert sein, bitte ich dich mit mir R\u00fccksprache zu halten, oder den Termin zu verschieben, bis du dich wieder voll und ganz in meiner Praxis wohlf\u00fchlen kannst. Solltest du dich krank f\u00fchlen, oder mit erkrankten Personen in deinem direkten Umfeld zu tun gehabt haben, bitte ich dich, deinen Termin zu verschieben.[\/vc_column_text][vc_empty_space height=&#8220;16px&#8220;][\/vc_column][\/vc_row][vc_row][vc_column width=&#8220;1\/2&#8243;]<div class=\"mkdf-section-title-holder  mkdf-st-standard mkdf-st-title-left mkdf-st-normal-space \" style=\"text-align: center\">\n\t<div class=\"mkdf-st-inner\">\n\t\t<svg version=\"1.1\" \n\t\t\t\tclass=\"mkdf-animated-svg\" \n\t\t\t\tid=\"mkdf-animated-svg-478\"\n\t\t\t\txmlns=\"http:\/\/www.w3.org\/2000\/svg\" xmlns:xlink=\"http:\/\/www.w3.org\/1999\/xlink\"\n\t\t\t\tx=\"0px\"\n\t\t\t\ty=\"0px\" \n\t\t\t\twidth=\"49px\" \n\t\t\t\theight=\"49px\" \n\t\t\t\tviewBox=\"0 0 49 49\" \n\t\t\t\tenable-background=\"new 0 0 49 49\" \n\t\t\t\txml:space=\"preserve\"><path xmlns=\"http:\/\/www.w3.org\/2000\/svg\" fill=\"none\" stroke=\"#D5B981\" stroke-width=\"1.75\" stroke-linecap=\"round\" stroke-miterlimit=\"10\" d=\"M20.365,25.008   c0,0-2.723,1.645-4.163,4.133c-1.439,2.49-0.817,4.824-0.7,5.719c0.116,0.896-0.156,2.296,0.428,4.086s3.151,4.941,5.797,6.458   c2.912,1.671,3.242,3.661,3.272,3.657c0.03-0.002,0.36-1.98,3.273-3.651c2.646-1.517,5.212-4.67,5.797-6.458   c0.582-1.79,0.31-3.19,0.427-4.086c0.115-0.895,0.739-3.229-0.701-5.719c-1.438-2.49-4.159-4.013-4.163-4.145   s2.725-1.653,4.163-4.143c1.44-2.491,0.816-4.825,0.701-5.72c-0.117-0.895,0.155-2.296-0.427-4.084   c-0.585-1.791-3.151-4.942-5.797-6.458c-2.913-1.67-3.226-3.66-3.273-3.658c-0.049,0.002-0.36,1.992-3.272,3.662   c-2.646,1.518-5.213,4.669-5.797,6.458c-0.583,1.791-0.312,3.19-0.428,4.085c-0.117,0.895-0.739,3.229,0.7,5.719   C17.642,23.355,20.365,25.008,20.365,25.008\" class=\"RMNQAmVi_0\"\/>\n<path xmlns=\"http:\/\/www.w3.org\/2000\/svg\" fill=\"none\" stroke=\"#D5B981\" stroke-width=\"1.75\" stroke-linecap=\"round\" stroke-miterlimit=\"10\" d=\"M21.728,28.282   c0,0-0.763,3.09-0.021,5.866c0.743,2.78,2.833,3.989,3.549,4.539c0.715,0.552,1.513,1.734,3.19,2.588   c1.681,0.854,5.723,1.264,8.667,0.468c3.239-0.878,4.816,0.356,4.898,0.271c0.082-0.084-1.146-1.655-0.269-4.896   c0.799-2.943,0.386-6.988-0.467-8.667c-0.853-1.678-2.035-2.475-2.587-3.19c-0.55-0.716-1.76-2.807-4.538-3.549   c-2.779-0.743-5.779,0.104-5.874,0.012c-0.098-0.09,0.755-3.094,0.014-5.873c-0.743-2.778-2.834-3.989-3.55-4.539   c-0.715-0.55-1.513-1.733-3.19-2.585c-1.678-0.854-5.723-1.267-8.667-0.469c-3.24,0.878-4.867-0.308-4.899-0.272   C7.936,8.041,9.139,9.65,8.261,12.891c-0.798,2.943-0.385,6.987,0.468,8.666c0.853,1.677,2.035,2.475,2.586,3.19   c0.55,0.716,1.76,2.807,4.539,3.549C18.633,29.039,21.728,28.282,21.728,28.282\" class=\"RMNQAmVi_1\"\/>\n<path xmlns=\"http:\/\/www.w3.org\/2000\/svg\" fill=\"none\" stroke=\"#D5B981\" stroke-width=\"1.75\" stroke-linecap=\"round\" stroke-miterlimit=\"10\" d=\"M25.007,29.638   c0,0,1.644,2.724,4.134,4.162c2.49,1.44,4.824,0.817,5.719,0.7s2.295,0.157,4.084-0.427c1.791-0.584,4.942-3.151,6.46-5.798   c1.669-2.912,3.659-3.242,3.657-3.273c-0.004-0.028-1.982-0.359-3.651-3.271c-1.518-2.646-4.669-5.213-6.46-5.797   c-1.789-0.583-3.189-0.312-4.084-0.427c-0.895-0.118-3.23-0.74-5.719,0.701c-2.49,1.438-4.014,4.159-4.146,4.162   c-0.132,0.003-1.654-2.724-4.144-4.162c-2.49-1.44-4.825-0.818-5.719-0.701c-0.895,0.117-2.295-0.156-4.085,0.427   c-1.79,0.583-4.941,3.151-6.458,5.798c-1.671,2.911-3.66,3.224-3.658,3.271c0.002,0.049,1.992,0.361,3.663,3.273   c1.517,2.646,4.668,5.214,6.458,5.798c1.79,0.584,3.19,0.312,4.085,0.427c0.895,0.117,3.229,0.74,5.719-0.7   C23.354,32.361,25.007,29.638,25.007,29.638\" class=\"RMNQAmVi_2\"\/>\n<path xmlns=\"http:\/\/www.w3.org\/2000\/svg\" fill=\"none\" stroke=\"#D5B981\" stroke-width=\"1.75\" stroke-linecap=\"round\" stroke-miterlimit=\"10\" d=\"M28.281,28.275   c0,0,3.089,0.762,5.866,0.021c2.78-0.744,3.99-2.834,4.54-3.55c0.55-0.714,1.734-1.512,2.587-3.19   c0.853-1.679,1.264-5.722,0.467-8.666c-0.877-3.24,0.311-4.853,0.272-4.9c-0.038-0.047-1.655,1.146-4.896,0.268   c-2.942-0.798-6.987-0.385-8.665,0.469c-1.678,0.853-2.477,2.035-3.191,2.585c-0.716,0.549-2.806,1.761-3.549,4.539   c-0.743,2.779,0.104,5.779,0.013,5.874c-0.091,0.095-3.095-0.756-5.874-0.013c-2.778,0.742-3.989,2.833-4.539,3.55   c-0.55,0.713-1.733,1.513-2.586,3.19c-0.853,1.677-1.266,5.722-0.468,8.665c0.878,3.24-0.391,4.778-0.272,4.899   c0.119,0.123,1.664-1.153,4.904-0.275c2.943,0.798,6.988,0.386,8.666-0.468c1.678-0.852,2.476-2.036,3.191-2.586   c0.715-0.551,2.805-1.761,3.55-4.539C29.038,31.37,28.281,28.275,28.281,28.275\" class=\"RMNQAmVi_3\"\/><\/svg>\n\t\t\t\t\t<div class=\"mkdf-separator-holder clearfix\">\n\t\t\t\t<div class=\"mkdf-separator\"><\/div>\n\t\t\t<\/div>\n\t\t\t\t\t\t\t<h2 class=\"mkdf-st-title\" >\n\t\t\t\tWas mitbringen?\t\t\t<\/h2>\n\t\t\t\t\t<\/div>\n<\/div>[vc_column_text]<\/p>\n<h5><strong>1. Maske<\/strong><\/h5>\n<p>Bis auf weiteres wird trotz der Lockerung aller Ma\u00dfnahmen, weiterhin mit Maske gearbeitet. Ich bitte dich dies zu beachten.<\/p>\n<h5><strong>2.Ein gro\u00dfes Handtuch<\/strong><\/h5>\n<p>Bringe bitte ein gro\u00dfes Handtuch mit. Dein Handtuch dient dann als zus\u00e4tzliche Unterlage f\u00fcr die Liegefl\u00e4che. Ich bitte dich, dies selbst mit zu bringen, meine Waschmaschine dankt es dir! \ud83d\ude09<\/p>\n<h5><strong>3. Frische Kleidung<\/strong><\/h5>\n<p>Bringe bitte frische, ungetragene Kleidung mit. Du kannst dich bei mir in der Praxis umziehen. Behandlungen in Stra\u00dfenkleidung oder in Kleidungsst\u00fccken die im \u00f6ffentlichen Raum (vor allem in \u00f6ffentlichen Verkehrsmitteln oder im Supermarkt) getragen wurden k\u00f6nnen AUSNAHMSLOS nicht durchgef\u00fchrt werden! Da kann kein Auge zugedr\u00fcckt werden![\/vc_column_text][\/vc_column][vc_column width=&#8220;1\/2&#8243;]<div class=\"mkdf-section-title-holder  mkdf-st-standard mkdf-st-title-left mkdf-st-normal-space \" style=\"text-align: center\">\n\t<div class=\"mkdf-st-inner\">\n\t\t<svg version=\"1.1\" \n\t\t\t\tclass=\"mkdf-animated-svg\" \n\t\t\t\tid=\"mkdf-animated-svg-658\"\n\t\t\t\txmlns=\"http:\/\/www.w3.org\/2000\/svg\" xmlns:xlink=\"http:\/\/www.w3.org\/1999\/xlink\"\n\t\t\t\tx=\"0px\"\n\t\t\t\ty=\"0px\" \n\t\t\t\twidth=\"49px\" \n\t\t\t\theight=\"49px\" \n\t\t\t\tviewBox=\"0 0 49 49\" \n\t\t\t\tenable-background=\"new 0 0 49 49\" \n\t\t\t\txml:space=\"preserve\"><path xmlns=\"http:\/\/www.w3.org\/2000\/svg\" fill=\"none\" stroke=\"#D5B981\" stroke-width=\"1.75\" stroke-linecap=\"round\" stroke-miterlimit=\"10\" d=\"M20.365,25.008   c0,0-2.723,1.645-4.163,4.133c-1.439,2.49-0.817,4.824-0.7,5.719c0.116,0.896-0.156,2.296,0.428,4.086s3.151,4.941,5.797,6.458   c2.912,1.671,3.242,3.661,3.272,3.657c0.03-0.002,0.36-1.98,3.273-3.651c2.646-1.517,5.212-4.67,5.797-6.458   c0.582-1.79,0.31-3.19,0.427-4.086c0.115-0.895,0.739-3.229-0.701-5.719c-1.438-2.49-4.159-4.013-4.163-4.145   s2.725-1.653,4.163-4.143c1.44-2.491,0.816-4.825,0.701-5.72c-0.117-0.895,0.155-2.296-0.427-4.084   c-0.585-1.791-3.151-4.942-5.797-6.458c-2.913-1.67-3.226-3.66-3.273-3.658c-0.049,0.002-0.36,1.992-3.272,3.662   c-2.646,1.518-5.213,4.669-5.797,6.458c-0.583,1.791-0.312,3.19-0.428,4.085c-0.117,0.895-0.739,3.229,0.7,5.719   C17.642,23.355,20.365,25.008,20.365,25.008\" class=\"RMNQAmVi_0\"\/>\n<path xmlns=\"http:\/\/www.w3.org\/2000\/svg\" fill=\"none\" stroke=\"#D5B981\" stroke-width=\"1.75\" stroke-linecap=\"round\" stroke-miterlimit=\"10\" d=\"M21.728,28.282   c0,0-0.763,3.09-0.021,5.866c0.743,2.78,2.833,3.989,3.549,4.539c0.715,0.552,1.513,1.734,3.19,2.588   c1.681,0.854,5.723,1.264,8.667,0.468c3.239-0.878,4.816,0.356,4.898,0.271c0.082-0.084-1.146-1.655-0.269-4.896   c0.799-2.943,0.386-6.988-0.467-8.667c-0.853-1.678-2.035-2.475-2.587-3.19c-0.55-0.716-1.76-2.807-4.538-3.549   c-2.779-0.743-5.779,0.104-5.874,0.012c-0.098-0.09,0.755-3.094,0.014-5.873c-0.743-2.778-2.834-3.989-3.55-4.539   c-0.715-0.55-1.513-1.733-3.19-2.585c-1.678-0.854-5.723-1.267-8.667-0.469c-3.24,0.878-4.867-0.308-4.899-0.272   C7.936,8.041,9.139,9.65,8.261,12.891c-0.798,2.943-0.385,6.987,0.468,8.666c0.853,1.677,2.035,2.475,2.586,3.19   c0.55,0.716,1.76,2.807,4.539,3.549C18.633,29.039,21.728,28.282,21.728,28.282\" class=\"RMNQAmVi_1\"\/>\n<path xmlns=\"http:\/\/www.w3.org\/2000\/svg\" fill=\"none\" stroke=\"#D5B981\" stroke-width=\"1.75\" stroke-linecap=\"round\" stroke-miterlimit=\"10\" d=\"M25.007,29.638   c0,0,1.644,2.724,4.134,4.162c2.49,1.44,4.824,0.817,5.719,0.7s2.295,0.157,4.084-0.427c1.791-0.584,4.942-3.151,6.46-5.798   c1.669-2.912,3.659-3.242,3.657-3.273c-0.004-0.028-1.982-0.359-3.651-3.271c-1.518-2.646-4.669-5.213-6.46-5.797   c-1.789-0.583-3.189-0.312-4.084-0.427c-0.895-0.118-3.23-0.74-5.719,0.701c-2.49,1.438-4.014,4.159-4.146,4.162   c-0.132,0.003-1.654-2.724-4.144-4.162c-2.49-1.44-4.825-0.818-5.719-0.701c-0.895,0.117-2.295-0.156-4.085,0.427   c-1.79,0.583-4.941,3.151-6.458,5.798c-1.671,2.911-3.66,3.224-3.658,3.271c0.002,0.049,1.992,0.361,3.663,3.273   c1.517,2.646,4.668,5.214,6.458,5.798c1.79,0.584,3.19,0.312,4.085,0.427c0.895,0.117,3.229,0.74,5.719-0.7   C23.354,32.361,25.007,29.638,25.007,29.638\" class=\"RMNQAmVi_2\"\/>\n<path xmlns=\"http:\/\/www.w3.org\/2000\/svg\" fill=\"none\" stroke=\"#D5B981\" stroke-width=\"1.75\" stroke-linecap=\"round\" stroke-miterlimit=\"10\" d=\"M28.281,28.275   c0,0,3.089,0.762,5.866,0.021c2.78-0.744,3.99-2.834,4.54-3.55c0.55-0.714,1.734-1.512,2.587-3.19   c0.853-1.679,1.264-5.722,0.467-8.666c-0.877-3.24,0.311-4.853,0.272-4.9c-0.038-0.047-1.655,1.146-4.896,0.268   c-2.942-0.798-6.987-0.385-8.665,0.469c-1.678,0.853-2.477,2.035-3.191,2.585c-0.716,0.549-2.806,1.761-3.549,4.539   c-0.743,2.779,0.104,5.779,0.013,5.874c-0.091,0.095-3.095-0.756-5.874-0.013c-2.778,0.742-3.989,2.833-4.539,3.55   c-0.55,0.713-1.733,1.513-2.586,3.19c-0.853,1.677-1.266,5.722-0.468,8.665c0.878,3.24-0.391,4.778-0.272,4.899   c0.119,0.123,1.664-1.153,4.904-0.275c2.943,0.798,6.988,0.386,8.666-0.468c1.678-0.852,2.476-2.036,3.191-2.586   c0.715-0.551,2.805-1.761,3.55-4.539C29.038,31.37,28.281,28.275,28.281,28.275\" class=\"RMNQAmVi_3\"\/><\/svg>\n\t\t\t\t\t<div class=\"mkdf-separator-holder clearfix\">\n\t\t\t\t<div class=\"mkdf-separator\"><\/div>\n\t\t\t<\/div>\n\t\t\t\t\t\t\t<h2 class=\"mkdf-st-title\" >\n\t\t\t\tIn der Praxis\t\t\t<\/h2>\n\t\t\t\t\t<\/div>\n<\/div>[vc_column_text]<\/p>\n<h5><strong>1.H\u00e4nde waschen und desinfizieren.<\/strong><\/h5>\n<p>Das H\u00e4ndewaschen der beste Schutz gegen eine Infektion ist, ist mittlerweile wohl gut bekannt.<\/p>\n<p>Bitte wasche dir, bevor du meinen Praxisraum betrittst die H\u00e4nde, du kannst dies im Waschraum\/WC machen. Weiters gibt es gleich nach dem betreten meiner Praxis die M\u00f6glichkeit, sich die H\u00e4nde zu desinfizieren. Bitte mache von diesem Angebot gebrauch, sowohl vor als auch nach der Behandlung.<\/p>\n<p>F\u00fcr mich ist es schon immer Standard, dass ich mir die H\u00e4nde vor und nach jeder Behandlung gr\u00fcndlich wasche.<\/p>\n<h5><strong>2.Gesicht ber\u00fchren<\/strong><\/h5>\n<p>Bitte denke immer daran, dir nach dem H\u00e4ndewaschen und desinfizieren und auch w\u00e4hrend der Behandlung NICHT ins Gesicht zu greifen! Somit verhinderst du, dass du Viren \u00fcber die Schleimh\u00e4ute (auch Augen, Nase, Mund etc.) aufnehmen kannst.<\/p>\n<h5><strong>3. Du bist Gesund?!<\/strong><\/h5>\n<p>Solltest du dich krank f\u00fchlen, oder irgendwelche bekannten Symptome einer Corona Erkrankung aufweisen, bitte ich dich den Termin abzusagen. Du bist dir unsicher? Halte R\u00fccksprache mit deinem Hausarzt!<\/p>\n<p>[\/vc_column_text][\/vc_column][\/vc_row][vc_row][vc_column][vc_empty_space]<div class=\"mkdf-section-title-holder  mkdf-st-standard mkdf-st-title-left mkdf-st-normal-space \" style=\"text-align: center\">\n\t<div class=\"mkdf-st-inner\">\n\t\t<svg version=\"1.1\" \n\t\t\t\tclass=\"mkdf-animated-svg\" \n\t\t\t\tid=\"mkdf-animated-svg-958\"\n\t\t\t\txmlns=\"http:\/\/www.w3.org\/2000\/svg\" xmlns:xlink=\"http:\/\/www.w3.org\/1999\/xlink\"\n\t\t\t\tx=\"0px\"\n\t\t\t\ty=\"0px\" \n\t\t\t\twidth=\"49px\" \n\t\t\t\theight=\"49px\" \n\t\t\t\tviewBox=\"0 0 49 49\" \n\t\t\t\tenable-background=\"new 0 0 49 49\" \n\t\t\t\txml:space=\"preserve\"><path xmlns=\"http:\/\/www.w3.org\/2000\/svg\" fill=\"none\" stroke=\"#D5B981\" stroke-width=\"1.75\" stroke-linecap=\"round\" stroke-miterlimit=\"10\" d=\"M20.365,25.008   c0,0-2.723,1.645-4.163,4.133c-1.439,2.49-0.817,4.824-0.7,5.719c0.116,0.896-0.156,2.296,0.428,4.086s3.151,4.941,5.797,6.458   c2.912,1.671,3.242,3.661,3.272,3.657c0.03-0.002,0.36-1.98,3.273-3.651c2.646-1.517,5.212-4.67,5.797-6.458   c0.582-1.79,0.31-3.19,0.427-4.086c0.115-0.895,0.739-3.229-0.701-5.719c-1.438-2.49-4.159-4.013-4.163-4.145   s2.725-1.653,4.163-4.143c1.44-2.491,0.816-4.825,0.701-5.72c-0.117-0.895,0.155-2.296-0.427-4.084   c-0.585-1.791-3.151-4.942-5.797-6.458c-2.913-1.67-3.226-3.66-3.273-3.658c-0.049,0.002-0.36,1.992-3.272,3.662   c-2.646,1.518-5.213,4.669-5.797,6.458c-0.583,1.791-0.312,3.19-0.428,4.085c-0.117,0.895-0.739,3.229,0.7,5.719   C17.642,23.355,20.365,25.008,20.365,25.008\" class=\"RMNQAmVi_0\"\/>\n<path xmlns=\"http:\/\/www.w3.org\/2000\/svg\" fill=\"none\" stroke=\"#D5B981\" stroke-width=\"1.75\" stroke-linecap=\"round\" stroke-miterlimit=\"10\" d=\"M21.728,28.282   c0,0-0.763,3.09-0.021,5.866c0.743,2.78,2.833,3.989,3.549,4.539c0.715,0.552,1.513,1.734,3.19,2.588   c1.681,0.854,5.723,1.264,8.667,0.468c3.239-0.878,4.816,0.356,4.898,0.271c0.082-0.084-1.146-1.655-0.269-4.896   c0.799-2.943,0.386-6.988-0.467-8.667c-0.853-1.678-2.035-2.475-2.587-3.19c-0.55-0.716-1.76-2.807-4.538-3.549   c-2.779-0.743-5.779,0.104-5.874,0.012c-0.098-0.09,0.755-3.094,0.014-5.873c-0.743-2.778-2.834-3.989-3.55-4.539   c-0.715-0.55-1.513-1.733-3.19-2.585c-1.678-0.854-5.723-1.267-8.667-0.469c-3.24,0.878-4.867-0.308-4.899-0.272   C7.936,8.041,9.139,9.65,8.261,12.891c-0.798,2.943-0.385,6.987,0.468,8.666c0.853,1.677,2.035,2.475,2.586,3.19   c0.55,0.716,1.76,2.807,4.539,3.549C18.633,29.039,21.728,28.282,21.728,28.282\" class=\"RMNQAmVi_1\"\/>\n<path xmlns=\"http:\/\/www.w3.org\/2000\/svg\" fill=\"none\" stroke=\"#D5B981\" stroke-width=\"1.75\" stroke-linecap=\"round\" stroke-miterlimit=\"10\" d=\"M25.007,29.638   c0,0,1.644,2.724,4.134,4.162c2.49,1.44,4.824,0.817,5.719,0.7s2.295,0.157,4.084-0.427c1.791-0.584,4.942-3.151,6.46-5.798   c1.669-2.912,3.659-3.242,3.657-3.273c-0.004-0.028-1.982-0.359-3.651-3.271c-1.518-2.646-4.669-5.213-6.46-5.797   c-1.789-0.583-3.189-0.312-4.084-0.427c-0.895-0.118-3.23-0.74-5.719,0.701c-2.49,1.438-4.014,4.159-4.146,4.162   c-0.132,0.003-1.654-2.724-4.144-4.162c-2.49-1.44-4.825-0.818-5.719-0.701c-0.895,0.117-2.295-0.156-4.085,0.427   c-1.79,0.583-4.941,3.151-6.458,5.798c-1.671,2.911-3.66,3.224-3.658,3.271c0.002,0.049,1.992,0.361,3.663,3.273   c1.517,2.646,4.668,5.214,6.458,5.798c1.79,0.584,3.19,0.312,4.085,0.427c0.895,0.117,3.229,0.74,5.719-0.7   C23.354,32.361,25.007,29.638,25.007,29.638\" class=\"RMNQAmVi_2\"\/>\n<path xmlns=\"http:\/\/www.w3.org\/2000\/svg\" fill=\"none\" stroke=\"#D5B981\" stroke-width=\"1.75\" stroke-linecap=\"round\" stroke-miterlimit=\"10\" d=\"M28.281,28.275   c0,0,3.089,0.762,5.866,0.021c2.78-0.744,3.99-2.834,4.54-3.55c0.55-0.714,1.734-1.512,2.587-3.19   c0.853-1.679,1.264-5.722,0.467-8.666c-0.877-3.24,0.311-4.853,0.272-4.9c-0.038-0.047-1.655,1.146-4.896,0.268   c-2.942-0.798-6.987-0.385-8.665,0.469c-1.678,0.853-2.477,2.035-3.191,2.585c-0.716,0.549-2.806,1.761-3.549,4.539   c-0.743,2.779,0.104,5.779,0.013,5.874c-0.091,0.095-3.095-0.756-5.874-0.013c-2.778,0.742-3.989,2.833-4.539,3.55   c-0.55,0.713-1.733,1.513-2.586,3.19c-0.853,1.677-1.266,5.722-0.468,8.665c0.878,3.24-0.391,4.778-0.272,4.899   c0.119,0.123,1.664-1.153,4.904-0.275c2.943,0.798,6.988,0.386,8.666-0.468c1.678-0.852,2.476-2.036,3.191-2.586   c0.715-0.551,2.805-1.761,3.55-4.539C29.038,31.37,28.281,28.275,28.281,28.275\" class=\"RMNQAmVi_3\"\/><\/svg>\n\t\t\t\t\t<div class=\"mkdf-separator-holder clearfix\">\n\t\t\t\t<div class=\"mkdf-separator\"><\/div>\n\t\t\t<\/div>\n\t\t\t\t\t\t\t<h2 class=\"mkdf-st-title\" >\n\t\t\t\tN\u00fctzliche Links f\u00fcr weitere Informationen\t\t\t<\/h2>\n\t\t\t\t\t<\/div>\n<\/div>[vc_empty_space height=&#8220;16px&#8220;][\/vc_column][\/vc_row][vc_row content_text_aligment=&#8220;center&#8220;][vc_column width=&#8220;1\/4&#8243;][vc_column_text]Link<br \/>\nf\u00fcr die Anmeldung zum Covid-Test in der Steiermark[\/vc_column_text][vc_empty_space height=&#8220;16px&#8220;][\/vc_column][vc_column width=&#8220;1\/4&#8243;][vc_column_text]Link<br \/>\nInformationen des Bundesministeriums \u00fcber alle ALLGEMEINE Fragen zum Coronavirus, Aktuelle Ma\u00dfnahmen und Empfehlungen etc.[\/vc_column_text][vc_empty_space height=&#8220;16px&#8220;][\/vc_column][vc_column width=&#8220;1\/4&#8243;][vc_column_text]Link<br \/>\nzu den Informationen \u00fcber die AKTUELL g\u00fcltigen Ma\u00dfnahmen. z.B. FFP2 Masken Pflicht und Testpflicht. Informationen \u00fcber die Art der Tests, Fristen etc.[\/vc_column_text][vc_empty_space height=&#8220;16px&#8220;][\/vc_column][vc_column width=&#8220;1\/4&#8243;][vc_column_text]Link<br \/>\nInformationen zur Impfaktion in der Steiermark.[\/vc_column_text][vc_empty_space height=&#8220;16px&#8220;][\/vc_column][\/vc_row][vc_row][vc_column width=&#8220;1\/4&#8243;]<a itemprop=\"url\" href=\"https:\/\/steiermark.oesterreich-testet.at\/#\/registration\/start\" target=\"_blank\" style=\"text-transform: initial\" class=\"mkdf-btn mkdf-btn-medium mkdf-btn-solid\"  >\n    <span class=\"mkdf-btn-text\">Covid Test Anmeldung<\/span>\n    \t<\/a>[vc_empty_space][\/vc_column][vc_column width=&#8220;1\/4&#8243;]<a itemprop=\"url\" href=\"https:\/\/www.sozialministerium.at\/Informationen-zum-Coronavirus\" target=\"_blank\" style=\"text-transform: inherit\" class=\"mkdf-btn mkdf-btn-medium mkdf-btn-solid\"  >\n    <span class=\"mkdf-btn-text\">Covid Allgemein<\/span>\n    \t<\/a>[vc_empty_space][\/vc_column][vc_column width=&#8220;1\/4&#8243;]<a itemprop=\"url\" href=\"https:\/\/www.sozialministerium.at\/Informationen-zum-Coronavirus\/Coronavirus---Aktuelle-Ma%C3%9Fnahmen.html\" target=\"_blank\" style=\"text-transform: initial\" class=\"mkdf-btn mkdf-btn-medium mkdf-btn-solid\"  >\n    <span class=\"mkdf-btn-text\">Ma\u00dfnahmen und Pflichten<\/span>\n    \t<\/a>[vc_empty_space][\/vc_column][vc_column width=&#8220;1\/4&#8243;]<a itemprop=\"url\" href=\"https:\/\/www.impfen.steiermark.at\/\" target=\"_blank\" style=\"text-transform: initial\" class=\"mkdf-btn mkdf-btn-medium mkdf-btn-solid\"  >\n    <span class=\"mkdf-btn-text\">Impfinfos Steiermark<\/span>\n    \t<\/a>[vc_empty_space][\/vc_column][\/vc_row]<\/p>\n<\/div>","protected":false},"excerpt":{"rendered":"<p>[vc_row][vc_column][vc_column_text]Alle meine Bestandskunden, wissen bereits \u00fcber meine (schon vor Covid)\u00a0 hohen Hygienestandards. z.B. mich selbstverst\u00e4ndliche Dinge wie Desinfizieren des Body Cushion vor und nach jeder Behandlung, H\u00e4ndewaschen vor und nach jeder Behandlung, frische Bez\u00fcge f\u00fcr jeden Klienten etc. Hier m\u00f6chte [&hellip;]<\/p>\n","protected":false},"author":1,"featured_media":0,"parent":5,"menu_order":0,"comment_status":"closed","ping_status":"closed","template":"","meta":{"footnotes":""},"class_list":["post-1081","page","type-page","status-publish","hentry"],"_links":{"self":[{"href":"https:\/\/deingleichgewicht.com\/index.php\/wp-json\/wp\/v2\/pages\/1081","targetHints":{"allow":["GET"]}}],"collection":[{"href":"https:\/\/deingleichgewicht.com\/index.php\/wp-json\/wp\/v2\/pages"}],"about":[{"href":"https:\/\/deingleichgewicht.com\/index.php\/wp-json\/wp\/v2\/types\/page"}],"author":[{"embeddable":true,"href":"https:\/\/deingleichgewicht.com\/index.php\/wp-json\/wp\/v2\/users\/1"}],"replies":[{"embeddable":true,"href":"https:\/\/deingleichgewicht.com\/index.php\/wp-json\/wp\/v2\/comments?post=1081"}],"version-history":[{"count":35,"href":"https:\/\/deingleichgewicht.com\/index.php\/wp-json\/wp\/v2\/pages\/1081\/revisions"}],"predecessor-version":[{"id":1086,"href":"https:\/\/deingleichgewicht.com\/index.php\/wp-json\/wp\/v2\/pages\/1081\/revisions\/1086"}],"up":[{"embeddable":true,"href":"https:\/\/deingleichgewicht.com\/index.php\/wp-json\/wp\/v2\/pages\/5"}],"wp:attachment":[{"href":"https:\/\/deingleichgewicht.com\/index.php\/wp-json\/wp\/v2\/media?parent=1081"}],"curies":[{"name":"wp","href":"https:\/\/api.w.org\/{rel}","templated":true}]}}