{"id":15,"date":"2018-05-09T13:25:19","date_gmt":"2018-05-09T11:25:19","guid":{"rendered":"https:\/\/www.deingleichgewicht.com\/?page_id=15"},"modified":"2018-08-24T21:46:12","modified_gmt":"2018-08-24T19:46:12","slug":"wirkung","status":"publish","type":"page","link":"https:\/\/deingleichgewicht.com\/index.php\/shiatsu\/wirkung\/","title":{"rendered":"Wirkung"},"content":{"rendered":"<div class=\"wpb-content-wrapper\"><p>[vc_row][vc_column][vc_custom_heading text=&#8220;Shiatsu macht dein Leben besser!&#8220; use_theme_fonts=&#8220;yes&#8220;][vc_column_text]Shiatsu dient in erster Linie der Pr\u00e4vention. Es aktiviert die Selbstheilungskr\u00e4fte und eine Behandlung f\u00fchrt zur unmittelbaren Entspannung.<\/p>\n<p>Shiatsu unterst\u00fctzt dich optimal bei:<\/p>\n<ul>\n<li><strong>Pr\u00e4vention<\/strong> \u2013 st\u00e4rkt den Organismus und aktiviert die Selbstheilungskr\u00e4fte. Somit beugst du vielen Befindlichkeiten schon vor, bevor sie \u00fcberhaupt entstehen k\u00f6nnen.<\/li>\n<li><strong>Entspannung<\/strong> \u2013 bringt Harmonie &amp; Gleichgewicht und f\u00f6rdert den Stressabbau. Allgemein bekannt ist, dass sich Stress auf den gesamten Organismus nicht besonders positiv auswirkt. Shiatsu reduziert Stress im K\u00f6rper. Dies wurde mittels Stressmarkern im Speichel nachgewiesen.<\/li>\n<li><strong>Befindlichkeiten<\/strong> und Blockaden wie: Verspannungen, Schlafproblemen, M\u00fcdigkeit, Migr\u00e4ne, Verdauungsproblemen, depressive Verstimmungen, Wetterf\u00fchligkeit, Zyklus- und Wechselbeschwerden. Durch die Aktivierung des parasympatischen Zustandes l\u00f6sen sich Spannungsmuster im K\u00f6rper auf, die h\u00e4ufig als Ursache f\u00fcr die zuvor genannten Befindlichkeiten angesehen werden k\u00f6nnen.<\/li>\n<li><strong>Rehabilitation<\/strong> \u2013 Shiatsu kann (nach Absprache mit einem Arzt) die Heilung und Wiederherstellung nach Unf\u00e4llen, Krankheiten oder Beschwerden des Bewegungsapparates beschleunigen. Sind Narben durch einen Unfall oder eine Operation entstanden, kann durch eine professionelle Narbenentst\u00f6rung nicht nur der Energiefluss, sondern auch die Wundheilung, Optik und Empfindlichkeit der Narbe positiv beeinflusst werden.<\/li>\n<li><strong>Wahrnehmung<\/strong> \u2013 schult die eigene K\u00f6rperwahrnehmung. Durch Shiatsu verbessert sich deine K\u00f6rperwahrnehmung. Du kannst Befindlichkeiten schneller oder \u00fcberhaupt sp\u00fcren und dadurch vorzeitig in eine positive Richtung gegensteuern. Du lernst dich selber wieder besser zu sp\u00fcren und deine Bed\u00fcrfnisse wahrzunehmen und auszudr\u00fccken.<\/li>\n<li><strong>Ver\u00e4nderungsprozesse<\/strong> \u2013 Umstellungs- und Umbruchphasen sowohl k\u00f6rperlicher als auch seelischer Natur. Durch Shiatsu werden deine Energien in die richtigen Bahnen gelenkt. Reserven oder verborgene Potenziale werden aktiviert und somit deinem K\u00f6rper zur Verf\u00fcgung gestellt. Dadurch \u00f6ffnen sich sehr oft ungeahnte Wege und L\u00f6sungen.<\/li>\n<\/ul>\n<p>&nbsp;<\/p>\n<p>[\/vc_column_text][\/vc_column][\/vc_row][vc_row][vc_column width=&#8220;1\/3&#8243;][vc_single_image image=&#8220;202&#8243; img_size=&#8220;600*300&#8243; alignment=&#8220;center&#8220;][\/vc_column][vc_column width=&#8220;1\/3&#8243;][vc_single_image image=&#8220;301&#8243; img_size=&#8220;600*300&#8243; alignment=&#8220;center&#8220;][\/vc_column][vc_column width=&#8220;1\/3&#8243;][vc_single_image image=&#8220;194&#8243; img_size=&#8220;600*300&#8243; alignment=&#8220;center&#8220;][\/vc_column][\/vc_row]<\/p>\n<\/div>","protected":false},"excerpt":{"rendered":"<p>[vc_row][vc_column][vc_custom_heading text=&#8220;Shiatsu macht dein Leben besser!&#8220; use_theme_fonts=&#8220;yes&#8220;][vc_column_text]Shiatsu dient in erster Linie der Pr\u00e4vention. Es aktiviert die Selbstheilungskr\u00e4fte und eine Behandlung f\u00fchrt zur unmittelbaren Entspannung. Shiatsu unterst\u00fctzt dich optimal bei: Pr\u00e4vention \u2013 st\u00e4rkt den Organismus und aktiviert die Selbstheilungskr\u00e4fte. Somit beugst [&hellip;]<\/p>\n","protected":false},"author":1,"featured_media":0,"parent":5,"menu_order":0,"comment_status":"closed","ping_status":"closed","template":"","meta":{"footnotes":""},"class_list":["post-15","page","type-page","status-publish","hentry"],"_links":{"self":[{"href":"https:\/\/deingleichgewicht.com\/index.php\/wp-json\/wp\/v2\/pages\/15","targetHints":{"allow":["GET"]}}],"collection":[{"href":"https:\/\/deingleichgewicht.com\/index.php\/wp-json\/wp\/v2\/pages"}],"about":[{"href":"https:\/\/deingleichgewicht.com\/index.php\/wp-json\/wp\/v2\/types\/page"}],"author":[{"embeddable":true,"href":"https:\/\/deingleichgewicht.com\/index.php\/wp-json\/wp\/v2\/users\/1"}],"replies":[{"embeddable":true,"href":"https:\/\/deingleichgewicht.com\/index.php\/wp-json\/wp\/v2\/comments?post=15"}],"version-history":[{"count":14,"href":"https:\/\/deingleichgewicht.com\/index.php\/wp-json\/wp\/v2\/pages\/15\/revisions"}],"predecessor-version":[{"id":770,"href":"https:\/\/deingleichgewicht.com\/index.php\/wp-json\/wp\/v2\/pages\/15\/revisions\/770"}],"up":[{"embeddable":true,"href":"https:\/\/deingleichgewicht.com\/index.php\/wp-json\/wp\/v2\/pages\/5"}],"wp:attachment":[{"href":"https:\/\/deingleichgewicht.com\/index.php\/wp-json\/wp\/v2\/media?parent=15"}],"curies":[{"name":"wp","href":"https:\/\/api.w.org\/{rel}","templated":true}]}}