{"id":2227,"date":"2023-04-02T13:38:40","date_gmt":"2023-04-02T11:38:40","guid":{"rendered":"https:\/\/deingleichgewicht.com\/?page_id=2227"},"modified":"2026-02-11T14:30:19","modified_gmt":"2026-02-11T13:30:19","slug":"lucia","status":"publish","type":"page","link":"https:\/\/deingleichgewicht.com\/index.php\/shiatsu\/lucia\/","title":{"rendered":"Lucia Schmidt"},"content":{"rendered":"<div class=\"wpb-content-wrapper\"><p>[vc_row row_content_width=&#8220;grid&#8220; css=&#8220;.vc_custom_1534844984663{background-position: center !important;background-repeat: no-repeat !important;background-size: cover !important;}&#8220;][vc_column parallax=&#8220;content-moving-fade&#8220; parallax_speed_bg=&#8220;&#8220; css_animation=&#8220;none&#8220; css=&#8220;.vc_custom_1530869666753{background-position: center !important;background-repeat: no-repeat !important;background-size: cover !important;}&#8220;]<div class=\"mkdf-section-title-holder  mkdf-st-standard mkdf-st-title-left mkdf-st-normal-space \" style=\"text-align: center\">\n\t<div class=\"mkdf-st-inner\">\n\t\t<svg version=\"1.1\" \n\t\t\t\tclass=\"mkdf-animated-svg\" \n\t\t\t\tid=\"mkdf-animated-svg-941\"\n\t\t\t\txmlns=\"http:\/\/www.w3.org\/2000\/svg\" xmlns:xlink=\"http:\/\/www.w3.org\/1999\/xlink\"\n\t\t\t\tx=\"0px\"\n\t\t\t\ty=\"0px\" \n\t\t\t\twidth=\"49px\" \n\t\t\t\theight=\"49px\" \n\t\t\t\tviewBox=\"0 0 49 49\" \n\t\t\t\tenable-background=\"new 0 0 49 49\" \n\t\t\t\txml:space=\"preserve\"><path xmlns=\"http:\/\/www.w3.org\/2000\/svg\" fill=\"none\" stroke=\"#D5B981\" stroke-width=\"1.75\" stroke-linecap=\"round\" stroke-miterlimit=\"10\" d=\"M20.365,25.008   c0,0-2.723,1.645-4.163,4.133c-1.439,2.49-0.817,4.824-0.7,5.719c0.116,0.896-0.156,2.296,0.428,4.086s3.151,4.941,5.797,6.458   c2.912,1.671,3.242,3.661,3.272,3.657c0.03-0.002,0.36-1.98,3.273-3.651c2.646-1.517,5.212-4.67,5.797-6.458   c0.582-1.79,0.31-3.19,0.427-4.086c0.115-0.895,0.739-3.229-0.701-5.719c-1.438-2.49-4.159-4.013-4.163-4.145   s2.725-1.653,4.163-4.143c1.44-2.491,0.816-4.825,0.701-5.72c-0.117-0.895,0.155-2.296-0.427-4.084   c-0.585-1.791-3.151-4.942-5.797-6.458c-2.913-1.67-3.226-3.66-3.273-3.658c-0.049,0.002-0.36,1.992-3.272,3.662   c-2.646,1.518-5.213,4.669-5.797,6.458c-0.583,1.791-0.312,3.19-0.428,4.085c-0.117,0.895-0.739,3.229,0.7,5.719   C17.642,23.355,20.365,25.008,20.365,25.008\" class=\"RMNQAmVi_0\"\/>\n<path xmlns=\"http:\/\/www.w3.org\/2000\/svg\" fill=\"none\" stroke=\"#D5B981\" stroke-width=\"1.75\" stroke-linecap=\"round\" stroke-miterlimit=\"10\" d=\"M21.728,28.282   c0,0-0.763,3.09-0.021,5.866c0.743,2.78,2.833,3.989,3.549,4.539c0.715,0.552,1.513,1.734,3.19,2.588   c1.681,0.854,5.723,1.264,8.667,0.468c3.239-0.878,4.816,0.356,4.898,0.271c0.082-0.084-1.146-1.655-0.269-4.896   c0.799-2.943,0.386-6.988-0.467-8.667c-0.853-1.678-2.035-2.475-2.587-3.19c-0.55-0.716-1.76-2.807-4.538-3.549   c-2.779-0.743-5.779,0.104-5.874,0.012c-0.098-0.09,0.755-3.094,0.014-5.873c-0.743-2.778-2.834-3.989-3.55-4.539   c-0.715-0.55-1.513-1.733-3.19-2.585c-1.678-0.854-5.723-1.267-8.667-0.469c-3.24,0.878-4.867-0.308-4.899-0.272   C7.936,8.041,9.139,9.65,8.261,12.891c-0.798,2.943-0.385,6.987,0.468,8.666c0.853,1.677,2.035,2.475,2.586,3.19   c0.55,0.716,1.76,2.807,4.539,3.549C18.633,29.039,21.728,28.282,21.728,28.282\" class=\"RMNQAmVi_1\"\/>\n<path xmlns=\"http:\/\/www.w3.org\/2000\/svg\" fill=\"none\" stroke=\"#D5B981\" stroke-width=\"1.75\" stroke-linecap=\"round\" stroke-miterlimit=\"10\" d=\"M25.007,29.638   c0,0,1.644,2.724,4.134,4.162c2.49,1.44,4.824,0.817,5.719,0.7s2.295,0.157,4.084-0.427c1.791-0.584,4.942-3.151,6.46-5.798   c1.669-2.912,3.659-3.242,3.657-3.273c-0.004-0.028-1.982-0.359-3.651-3.271c-1.518-2.646-4.669-5.213-6.46-5.797   c-1.789-0.583-3.189-0.312-4.084-0.427c-0.895-0.118-3.23-0.74-5.719,0.701c-2.49,1.438-4.014,4.159-4.146,4.162   c-0.132,0.003-1.654-2.724-4.144-4.162c-2.49-1.44-4.825-0.818-5.719-0.701c-0.895,0.117-2.295-0.156-4.085,0.427   c-1.79,0.583-4.941,3.151-6.458,5.798c-1.671,2.911-3.66,3.224-3.658,3.271c0.002,0.049,1.992,0.361,3.663,3.273   c1.517,2.646,4.668,5.214,6.458,5.798c1.79,0.584,3.19,0.312,4.085,0.427c0.895,0.117,3.229,0.74,5.719-0.7   C23.354,32.361,25.007,29.638,25.007,29.638\" class=\"RMNQAmVi_2\"\/>\n<path xmlns=\"http:\/\/www.w3.org\/2000\/svg\" fill=\"none\" stroke=\"#D5B981\" stroke-width=\"1.75\" stroke-linecap=\"round\" stroke-miterlimit=\"10\" d=\"M28.281,28.275   c0,0,3.089,0.762,5.866,0.021c2.78-0.744,3.99-2.834,4.54-3.55c0.55-0.714,1.734-1.512,2.587-3.19   c0.853-1.679,1.264-5.722,0.467-8.666c-0.877-3.24,0.311-4.853,0.272-4.9c-0.038-0.047-1.655,1.146-4.896,0.268   c-2.942-0.798-6.987-0.385-8.665,0.469c-1.678,0.853-2.477,2.035-3.191,2.585c-0.716,0.549-2.806,1.761-3.549,4.539   c-0.743,2.779,0.104,5.779,0.013,5.874c-0.091,0.095-3.095-0.756-5.874-0.013c-2.778,0.742-3.989,2.833-4.539,3.55   c-0.55,0.713-1.733,1.513-2.586,3.19c-0.853,1.677-1.266,5.722-0.468,8.665c0.878,3.24-0.391,4.778-0.272,4.899   c0.119,0.123,1.664-1.153,4.904-0.275c2.943,0.798,6.988,0.386,8.666-0.468c1.678-0.852,2.476-2.036,3.191-2.586   c0.715-0.551,2.805-1.761,3.55-4.539C29.038,31.37,28.281,28.275,28.281,28.275\" class=\"RMNQAmVi_3\"\/><\/svg>\n\t\t\t\t\t<div class=\"mkdf-separator-holder clearfix\">\n\t\t\t\t<div class=\"mkdf-separator\"><\/div>\n\t\t\t<\/div>\n\t\t\t\t\t\t\t<h2 class=\"mkdf-st-title\" >\n\t\t\t\tHallo Lucia!\t\t\t<\/h2>\n\t\t\t\t\t<\/div>\n<\/div>[vc_empty_space][vc_row_inner][vc_column_inner width=&#8220;1\/2&#8243;][vc_single_image image=&#8220;2229&#8243; img_size=&#8220;large&#8220;][vc_empty_space][vc_column_text]<\/p>\n<h5>Du kannst Lucia auch pers\u00f6nlich kontaktieren unter:<\/h5>\n<h5><span class=\"\"><a class=\"\" href=\"mailto:lucia.shiatsu@icloud.com\" target=\"_blank\" rel=\"noopener\">lucia.shiatsu@icloud.com<\/a><\/span><\/h5>\n<h5><span class=\"\">+43 680 1604069<\/span><\/h5>\n<p>[\/vc_column_text][\/vc_column_inner][vc_column_inner width=&#8220;1\/2&#8243;][vc_column_text css=&#8220;&#8220;]<\/p>\n<h3 data-start=\"78\" data-end=\"149\">Lucia \u2013 Shiatsu f\u00fcr Frauen, Schwangerschaft &amp; die Kraft des Wandels<\/h3>\n<p data-start=\"151\" data-end=\"434\">Lucia bringt viel Erfahrung, Feingef\u00fchl und Fachwissen in ihre Shiatsu-Behandlungen ein. Besonders am Herzen liegt ihr die <strong data-start=\"274\" data-end=\"321\">Begleitung von Frauen in allen Lebensphasen<\/strong> \u2013 vom Kinderwunsch \u00fcber die Schwangerschaft bis hin zu hormonellen Ver\u00e4nderungen und pers\u00f6nlichen Umbruchzeiten.<\/p>\n<p data-start=\"436\" data-end=\"755\">Mit ihrer <strong data-start=\"446\" data-end=\"468\">jahrelangen Praxis<\/strong> und ihrem <strong data-start=\"479\" data-end=\"509\">gro\u00dfen Einf\u00fchlungsverm\u00f6gen<\/strong> schafft sie einen gesch\u00fctzten Raum, in dem sich K\u00f6rper und Seele gleicherma\u00dfen entspannen d\u00fcrfen. Viele Frauen sch\u00e4tzen ihre ruhige, klare Pr\u00e4senz \u2013 und ich selbst genie\u00dfe es jedes Mal, wie wohltuend und kraftspendend eine Einheit bei Lucia ist.<\/p>\n<p data-start=\"757\" data-end=\"901\">\ud83d\uddd3\ufe0f <strong data-start=\"761\" data-end=\"816\">Buchung wie gewohnt direkt \u00fcber den Online-Kalender<\/strong>:<br data-start=\"817\" data-end=\"820\" \/>Einfach Lucia ausw\u00e4hlen, &#8222;Shiatsu&#8220; anklicken und deinen passenden Termin sichern.<\/p>\n<p>&nbsp;<\/p>\n<blockquote><p>Was ich \u00fcber Lucia zu sagen habe:<\/p>\n<p>Wir haben uns vor \u00fcber 10 Jahren in der Grundausbildung Shiatsu kennen gelernt und auch schon ein paar Fortbildungen (Shen Shiatsu Master Training &#8211; f\u00fcr mich ein MUSS als Fortbildung) zusammen gemacht. Nicht nur als Kollegin sondern auch als Freundin sch\u00e4tze ich Lucia sehr.<\/p>\n<p>Wir tauschen uns alle 14 Tage mit Shiatsu Einheiten aus und ich m\u00f6chte diese Einheiten nicht mehr missen! Deshalb wei\u00df ich, dass du bei ihr in den besten H\u00e4nden bist.<\/p><\/blockquote>\n<p>[\/vc_column_text][vc_empty_space]<a itemprop=\"url\" href=\"https:\/\/calendly.com\/deingleichgewicht\/shiatsu-mit-lucia\" target=\"_self\"  class=\"mkdf-btn mkdf-btn-medium mkdf-btn-solid\"  >\n    <span class=\"mkdf-btn-text\">hier einen Termin mit Lucia buchen<\/span>\n    \t<\/a>[vc_empty_space][\/vc_column_inner][\/vc_row_inner][vc_empty_space height=&#8220;64px&#8220;][vc_text_separator title=&#8220;Mehr \u00fcber Lucia&#8220;][vc_row_inner][vc_column_inner width=&#8220;1\/3&#8243;][vc_empty_space][vc_column_text]<\/p>\n<h3><b>Mag. Lucia Schmidt<\/b><\/h3>\n<p><b>\u00dcber mich<\/b><\/p>\n<div class=\"\"><span class=\"\">Shiatsu begleitet mich schon seit \u00fcber 16 Jahren. Ich habe mir w\u00e4hrend meines Studiums der Rechtswissenschaften und in den Berufsjahren danach regelm\u00e4\u00dfig Behandlungen geg\u00f6nnt und angefangen mich immer mehr f\u00fcr dieses Thema zu interessieren.\u00a0<\/span><\/div>\n<div class=\"\"><\/div>\n<div class=\"\"><span class=\"\">Im Jahr 2009 haben ich dann mit der Shiatsuausbildung an der der ISS\u00d6 angefangen und diese 2013 abgeschlossen. Ich wurde 2014 und 2016 Mutter und Shiatsu war auch w\u00e4hrend meiner Schwangerschaften sehr hilfreich um meinen K\u00f6rper zu st\u00e4rken. Ich bin gerne in der Natur, liebe das Wasser und den Sommer und mache gerne Sport.<\/span><\/div>\n<div class=\"\"><span class=\"\">Bianca und mein Weg kreuzten sich wieder bei einer weiteren Ausbildung. Das Shen Master Training er\u00f6ffnete uns neue Wege der Wahrnehmung und sch\u00e4rfte unsere Sinne. Seit dieser Zeit sind Bianca und ich im regen Austausch auf allen Ebenen.\u00a0<\/span><\/div>\n<div class=\"\"><span class=\"\">Danke Bianca, dass du mich so herzlich in dein Team und in deine Praxis aufgenommen hast.\u00a0<\/span><\/div>\n<div class=\"\"><span class=\"\">Ich freue mich darauf dich zu unterst\u00fctzen, deine Kunden w\u00e4hrend der Babypause zu betreuen und Neukunden zu begr\u00fc\u00dfen.<\/span><\/div>\n<p>[\/vc_column_text][\/vc_column_inner][vc_column_inner width=&#8220;1\/3&#8243;][vc_empty_space height=&#8220;64px&#8220;][vc_column_text]<\/p>\n<div class=\"\"><strong><span class=\"\">Ausbildungen:<\/span><\/strong><\/div>\n<div class=\"\"><\/div>\n<div class=\"\"><span class=\"\">Shiatsu Diplom an der Internationalen Shiatsuschule Graz 2013<\/span><\/div>\n<div class=\"\">\n<p><span class=\"\">Shen Master Training mit J\u00f6rg Sch\u00fcrpf 2018-2020<\/span><\/p>\n<p>&nbsp;<\/p>\n<\/div>\n<div class=\"\"><strong><span class=\"\">Fortbildungen:<\/span><\/strong><\/div>\n<div class=\"\"><\/div>\n<div class=\"\"><span class=\"\">Well Mother Basisseminar und Module I und II bei Suzanne Yates 2013-2015<\/span><\/div>\n<div class=\"\"><span class=\"\">Diagnose heisst Verstehen &#8211; Der Diagnoseprozess in Shiatsu mit Wilfried Rappenecker 2013<\/span><\/div>\n<div class=\"\">\n<p><span class=\"\">Shiatsu in der Schwangerschaft 2012<\/span><\/p>\n<p>&nbsp;<\/p>\n<\/div>\n<div><strong>Kontakt:\u00a0<\/strong><\/div>\n<div>\n<div class=\"\"><span class=\"\"><a class=\"\" href=\"mailto:lucia.shiatsu@icloud.com\" target=\"_blank\" rel=\"noopener\">lucia.shiatsu@icloud.com<\/a><\/span><\/div>\n<div class=\"\"><span class=\"\">+43 680 1604069<\/span><\/div>\n<\/div>\n<p>[\/vc_column_text][\/vc_column_inner][vc_column_inner width=&#8220;1\/3&#8243;][vc_empty_space][vc_raw_html]JTNDJTIxLS0lMjBDYWxlbmRseSUyMElubGluZS1XaWRnZXQlMjBCZWdpbm4lMjAtLSUzRSUwQSUzQ2RpdiUyMGNsYXNzJTNEJTIyY2FsZW5kbHktaW5saW5lLXdpZGdldCUyMiUyMGRhdGEtdXJsJTNEJTIyaHR0cHMlM0ElMkYlMkZjYWxlbmRseS5jb20lMkZkZWluZ2xlaWNoZ2V3aWNodCUyRnNoaWF0c3UtbWl0LWx1Y2lhJTNGcHJpbWFyeV9jb2xvciUzRGJlMDBmZiUyMiUyMHN0eWxlJTNEJTIybWluLXdpZHRoJTNBMzIwcHglM0JoZWlnaHQlM0ExMjUwcHglM0IlMjIlM0UlM0MlMkZkaXYlM0UlMEElM0NzY3JpcHQlMjB0eXBlJTNEJTIydGV4dCUyRmphdmFzY3JpcHQlMjIlMjBzcmMlM0QlMjJodHRwcyUzQSUyRiUyRmFzc2V0cy5jYWxlbmRseS5jb20lMkZhc3NldHMlMkZleHRlcm5hbCUyRndpZGdldC5qcyUyMiUyMGFzeW5jJTNFJTNDJTJGc2NyaXB0JTNFJTBBJTNDJTIxLS0lMjBDYWxlbmRseSUyMElubGluZS1XaWRnZXQlMjBFbmRlJTIwLS0lM0U=[\/vc_raw_html][\/vc_column_inner][\/vc_row_inner][vc_empty_space][vc_single_image image=&#8220;2230&#8243; img_size=&#8220;full&#8220; alignment=&#8220;center&#8220; onclick=&#8220;custom_link&#8220; link=&#8220;https:\/\/calendly.com\/deingleichgewicht\/shiatsu-mit-lucia&#8220;][vc_empty_space][\/vc_column][\/vc_row][vc_row disable_element=&#8220;yes&#8220;][vc_column]<div class=\"mkdf-iwt clearfix  mkdf-iwt-icon-left mkdf-iwt-icon-medium\">\n\t<div class=\"mkdf-iwt-icon\">\n\t\t\t\t\t<a itemprop=\"url\" href=\"mailto:%20bianca@deingleichgewicht.com\" target=\"_self\">\n\t\t    <span class=\"mkdf-icon-shortcode mkdf-normal   mkdf-icon-medium\"  >\n        <i class=\"mkdf-icon-font-awesome fa fa-envelope mkdf-icon-element\" style=\"\" ><\/i>    <\/span>\n\t\t\t<\/a>\n\t\t\t<\/div>\n\t<div class=\"mkdf-iwt-content\" >\n\t\t\t\t\t<h5 class=\"mkdf-iwt-title\" >\n\t\t\t\t\t\t\t\t\t<a itemprop=\"url\" href=\"mailto:%20bianca@deingleichgewicht.com\" target=\"_self\">\n\t\t\t\t\t\t\t\t<span class=\"mkdf-iwt-title-text\">Hier Unterlagen anfordern<\/span>\n\t\t\t\t\t\t\t\t\t<\/a>\n\t\t\t\t\t\t\t<\/h5>\n\t\t\t\t\t\t\t<p class=\"mkdf-iwt-text\" style=\"margin-top: 5px\">Fordern Sie unter bianca@deingleichgewicht.com Unterlagen an, oder vereinbaren Sie besser noch gleich einen unverbindlichen und kostenlosen Beratungstermin.<\/p>\n\t\t\t<\/div>\n<\/div>[vc_empty_space height=&#8220;64px&#8220;][vc_empty_space height=&#8220;64px&#8220;][vc_text_separator title=&#8220;Vergangene und aktuelle Kooperationen mit Unternehmen&#8220; i_icon_fontawesome=&#8220;fas fa-sign-language&#8220; i_color=&#8220;custom&#8220; style=&#8220;dotted&#8220; add_icon=&#8220;true&#8220; i_custom_color=&#8220;#d6b981&#8243;][vc_empty_space][\/vc_column][\/vc_row]<\/p>\n<\/div>","protected":false},"excerpt":{"rendered":"<p>[vc_row row_content_width=&#8220;grid&#8220; css=&#8220;.vc_custom_1534844984663{background-position: center !important;background-repeat: no-repeat !important;background-size: cover !important;}&#8220;][vc_column parallax=&#8220;content-moving-fade&#8220; parallax_speed_bg=&#8220;&#8220; css_animation=&#8220;none&#8220; css=&#8220;.vc_custom_1530869666753{background-position: center !important;background-repeat: no-repeat !important;background-size: cover !important;}&#8220;][vc_empty_space][vc_row_inner][vc_column_inner width=&#8220;1\/2&#8243;][vc_single_image image=&#8220;2229&#8243; img_size=&#8220;large&#8220;][vc_empty_space][vc_column_text] Du kannst Lucia auch pers\u00f6nlich kontaktieren unter: lucia.shiatsu@icloud.com +43 680 1604069 [\/vc_column_text][\/vc_column_inner][vc_column_inner width=&#8220;1\/2&#8243;][vc_column_text css=&#8220;&#8220;] Lucia \u2013 Shiatsu f\u00fcr [&hellip;]<\/p>\n","protected":false},"author":1,"featured_media":0,"parent":5,"menu_order":0,"comment_status":"closed","ping_status":"closed","template":"","meta":{"footnotes":""},"class_list":["post-2227","page","type-page","status-publish","hentry"],"_links":{"self":[{"href":"https:\/\/deingleichgewicht.com\/index.php\/wp-json\/wp\/v2\/pages\/2227","targetHints":{"allow":["GET"]}}],"collection":[{"href":"https:\/\/deingleichgewicht.com\/index.php\/wp-json\/wp\/v2\/pages"}],"about":[{"href":"https:\/\/deingleichgewicht.com\/index.php\/wp-json\/wp\/v2\/types\/page"}],"author":[{"embeddable":true,"href":"https:\/\/deingleichgewicht.com\/index.php\/wp-json\/wp\/v2\/users\/1"}],"replies":[{"embeddable":true,"href":"https:\/\/deingleichgewicht.com\/index.php\/wp-json\/wp\/v2\/comments?post=2227"}],"version-history":[{"count":17,"href":"https:\/\/deingleichgewicht.com\/index.php\/wp-json\/wp\/v2\/pages\/2227\/revisions"}],"predecessor-version":[{"id":2515,"href":"https:\/\/deingleichgewicht.com\/index.php\/wp-json\/wp\/v2\/pages\/2227\/revisions\/2515"}],"up":[{"embeddable":true,"href":"https:\/\/deingleichgewicht.com\/index.php\/wp-json\/wp\/v2\/pages\/5"}],"wp:attachment":[{"href":"https:\/\/deingleichgewicht.com\/index.php\/wp-json\/wp\/v2\/media?parent=2227"}],"curies":[{"name":"wp","href":"https:\/\/api.w.org\/{rel}","templated":true}]}}