{"id":34,"date":"2018-05-09T13:31:34","date_gmt":"2018-05-09T11:31:34","guid":{"rendered":"https:\/\/www.deingleichgewicht.com\/?page_id=34"},"modified":"2018-08-24T21:55:28","modified_gmt":"2018-08-24T19:55:28","slug":"narbenentstoerung","status":"publish","type":"page","link":"https:\/\/deingleichgewicht.com\/index.php\/shiatsu\/narbenentstoerung\/","title":{"rendered":"Narbenentst\u00f6rung"},"content":{"rendered":"<div class=\"wpb-content-wrapper\"><p>[vc_row][vc_column][vc_custom_heading text=&#8220;Warum ist eine Narbenentst\u00f6rung sinnvoll?&#8220; use_theme_fonts=&#8220;yes&#8220;][vc_column_text]Nach Operationen und Unf\u00e4llen sind Regionen in denen Narben zur\u00fcckgeblieben sind oft besonders bed\u00fcrftig. Mithilfe einer Shiatsu-Narbenentst\u00f6rung kann die energetische Durchl\u00e4ssigkeit gef\u00f6rdert werden und somit eine bessere energetische Versorgung rund um die Narbe sowie in den abgeschnittenen Bereichen gew\u00e4hrleistet werden.<\/p>\n<p>Entst\u00f6rungen k\u00f6nnen im Normalfall ab 3 Monaten nach Entstehung durchgef\u00fchrt werden. Neben dem Narbenbild werden auch Befindlichkeiten (die durch ein energetisches Ungleichgewicht ausgel\u00f6st werden) wie Wetterf\u00fchligkeit, Jucken etc. verbessert.<\/p>\n<p>Warum sollte eine Narbenentst\u00f6rung durchgef\u00fchrt werden?<br \/>\nEine Narbenentst\u00f6rung h\u00e4lt vor allem das Gewebe locker und durchl\u00e4ssig. Vor allem kleine Narben die oberfl\u00e4chlich meist nicht besonders gut sichtbar sind werden vergessen. Jede Narbe mit einer gewissen Tiefe hat auch Narbengewebe in tieferen Schichten zufolge. Diese Schichten sollten gleitf\u00e4hig und durchl\u00e4ssig gehalten werden um nachfolgende Befindlichkeiten zu minimieren. Sehr oft treten solche Befindlichkeiten erst Jahre nach dem Entstehen der Narbe auf und sind oft nicht mehr auf die Narbe r\u00fcckverfolgbar. Je schneller die Arbeit an einer Narbe aufgenommen wird, desto besser l\u00e4sst sich dies in das gesamte K\u00f6rper\/Energiesystem integrieren. Jedoch k\u00f6nnen auch Narben die schon einige Jahre oder Jahrzehnte in ihrer Entstehung zur\u00fcckliegen wunderbar entst\u00f6rt werden.[\/vc_column_text][\/vc_column][\/vc_row][vc_row][vc_column width=&#8220;1\/2&#8243;][vc_single_image image=&#8220;365&#8243; img_size=&#8220;large&#8220; alignment=&#8220;center&#8220; title=&#8220;Vor der Narbenenst\u00f6rung&#8220;][\/vc_column][vc_column width=&#8220;1\/2&#8243;][vc_single_image image=&#8220;366&#8243; img_size=&#8220;large&#8220; alignment=&#8220;center&#8220; title=&#8220;Nach der Narbenentst\u00f6rung&#8220;][\/vc_column][\/vc_row][vc_row][vc_column][vc_empty_space][vc_column_text]Die oben angef\u00fchrten Bilder zeigen auch die sichtbare Wirkung einer Narbenentst\u00f6rung. Das Bild links zeigt eine Narbe die bereits \u00fcber 10 Jahre alt ist. Das Bild rechts zeigt die Narbe nach nur einer Behandlung mit Shiatsu und entst\u00f6renden Narbentechniken.<\/p>\n<p>Vor allem die Tiefe in der Mitte sowie die Auspr\u00e4gung in den Randbereichen der Narbe hat sich gebessert und gelockert. Der Klient berichtet von einer sp\u00fcrbaren Erleichterung. Auch das Spannungsgef\u00fchl hat f\u00fcr ihn in diesem Bereich um einiges nachgelassen.[\/vc_column_text][vc_empty_space][\/vc_column][\/vc_row]<\/p>\n<\/div>","protected":false},"excerpt":{"rendered":"<p>[vc_row][vc_column][vc_custom_heading text=&#8220;Warum ist eine Narbenentst\u00f6rung sinnvoll?&#8220; use_theme_fonts=&#8220;yes&#8220;][vc_column_text]Nach Operationen und Unf\u00e4llen sind Regionen in denen Narben zur\u00fcckgeblieben sind oft besonders bed\u00fcrftig. Mithilfe einer Shiatsu-Narbenentst\u00f6rung kann die energetische Durchl\u00e4ssigkeit gef\u00f6rdert werden und somit eine bessere energetische Versorgung rund um die Narbe sowie [&hellip;]<\/p>\n","protected":false},"author":1,"featured_media":0,"parent":5,"menu_order":0,"comment_status":"closed","ping_status":"closed","template":"","meta":{"footnotes":""},"class_list":["post-34","page","type-page","status-publish","hentry"],"_links":{"self":[{"href":"https:\/\/deingleichgewicht.com\/index.php\/wp-json\/wp\/v2\/pages\/34","targetHints":{"allow":["GET"]}}],"collection":[{"href":"https:\/\/deingleichgewicht.com\/index.php\/wp-json\/wp\/v2\/pages"}],"about":[{"href":"https:\/\/deingleichgewicht.com\/index.php\/wp-json\/wp\/v2\/types\/page"}],"author":[{"embeddable":true,"href":"https:\/\/deingleichgewicht.com\/index.php\/wp-json\/wp\/v2\/users\/1"}],"replies":[{"embeddable":true,"href":"https:\/\/deingleichgewicht.com\/index.php\/wp-json\/wp\/v2\/comments?post=34"}],"version-history":[{"count":13,"href":"https:\/\/deingleichgewicht.com\/index.php\/wp-json\/wp\/v2\/pages\/34\/revisions"}],"predecessor-version":[{"id":777,"href":"https:\/\/deingleichgewicht.com\/index.php\/wp-json\/wp\/v2\/pages\/34\/revisions\/777"}],"up":[{"embeddable":true,"href":"https:\/\/deingleichgewicht.com\/index.php\/wp-json\/wp\/v2\/pages\/5"}],"wp:attachment":[{"href":"https:\/\/deingleichgewicht.com\/index.php\/wp-json\/wp\/v2\/media?parent=34"}],"curies":[{"name":"wp","href":"https:\/\/api.w.org\/{rel}","templated":true}]}}