{"id":5,"date":"2018-05-09T13:24:54","date_gmt":"2018-05-09T11:24:54","guid":{"rendered":"https:\/\/www.deingleichgewicht.com\/?page_id=5"},"modified":"2022-04-28T09:44:30","modified_gmt":"2022-04-28T07:44:30","slug":"shiatsu","status":"publish","type":"page","link":"https:\/\/deingleichgewicht.com\/index.php\/shiatsu\/","title":{"rendered":"Shiatsu"},"content":{"rendered":"<div class=\"wpb-content-wrapper\"><p>[vc_row][vc_column][vc_custom_heading text=&#8220;Was ist Shiatsu?&#8220; use_theme_fonts=&#8220;yes&#8220;][\/vc_column][\/vc_row][vc_row][vc_column][vc_column_text]Shiatsu ist eine urspr\u00fcnglich aus Japan stammende, ganzheitliche, manuelle K\u00f6rperarbeitsmethode.<\/p>\n<p>\u00dcbersetzt bedeutet Shiatsu so viel wie Fingerdruck.<\/p>\n<p>Im Wesentlichen versucht Shiatsu K\u00f6rper, Geist und Seele wieder in Einklang zu bringen und dient vor allem der Pr\u00e4vention. Schon bevor Krankheiten und Unwohlsein entsteht sollte pr\u00e4ventiv gearbeitet werden. Vorsorgen ist bekanntlich besser als Nachsorgen.<\/p>\n<p>Bei einer Behandlung werden unter anderem die sogenannten Meridiane und Meridianpunkte die aus der Akupunktur bekannt sind stimuliert. Dies geschieht mit Finger- Daumen- und Handballendruck, sanften Rotationen, Schaukeltechniken, Klopfen und Ausstreichen.<\/p>\n<p>Durch die Behandlung werden die Selbstheilungskr\u00e4fte des K\u00f6rpers aktiviert und energetische Blockaden gel\u00f6st. Dies f\u00fchrt zu einer unmittelbaren Entspannung und Regeneration. Ziel ist es die Lebensenergie, oder auch QI genannt, wieder in Fluss zu bringen und Ungleichgewichte auszugleichen.<\/p>\n<p>Ein Ungleichgewicht im QI Haushalt kann zu verschiedensten Arten des Unwohlbefindens f\u00fchren. M\u00fcdigkeit, Kopfschmerzen, Verspannungen, Ersch\u00f6pfung und Schlafprobleme sind nur einige Dinge die ein gestauter QI Fluss zur Folge haben kann.<\/p>\n<p>Im Shiatsu wird diesbez\u00fcglich nicht nur an der Symptomatik gearbeitet, sondern auch versucht, die Ursache dahinter zu entdecken und zu bearbeiten.<\/p>\n<p>Shiatsu ist f\u00fcr alle Altersstufen geeignet.<\/p>\n<p>&nbsp;<\/p>\n<p>&nbsp;<\/p>\n<p>[\/vc_column_text][\/vc_column][\/vc_row][vc_row css=&#8220;.vc_custom_1528196587588{background-image: url(https:\/\/www.deingleichgewicht.com\/wp-content\/uploads\/2018\/06\/DSC_0252_1.jpg?id=277) !important;background-position: center !important;background-repeat: no-repeat !important;background-size: cover !important;}&#8220;][vc_column width=&#8220;2\/3&#8243;][vc_custom_heading text=&#8220;Hinweis&#8220; font_container=&#8220;tag:h1|font_size:30|text_align:left|color:%23ffffff&#8220; use_theme_fonts=&#8220;yes&#8220;][vc_custom_heading text=&#8220;SHIATSU IST EINE GEWERBLICHE BEHANDLUNGSMETHODE UND KANN KEINE MEDIZINISCHE BEHANDLUNG ERSETZEN.&#8220; font_container=&#8220;tag:h2|font_size:18|text_align:left|color:%23ffffff&#8220; use_theme_fonts=&#8220;yes&#8220;][vc_empty_space][\/vc_column][vc_column width=&#8220;1\/3&#8243;][\/vc_column][\/vc_row][vc_row][vc_column][vc_empty_space][vc_custom_heading text=&#8220;Weitere Informationen zu Shiatsu&#8220;][vc_empty_space][\/vc_column][\/vc_row][vc_row][vc_column width=&#8220;1\/4&#8243;]<div class=\"mkdf-interactive-banner-holder \">\n            <a class=\"mkdf-banner-link\" href=\"https:\/\/deingleichgewicht.com\/index.php\/shiatsu\/hygiene\/\" target=\"_self\"><\/a>\n        <div class=\"mkdf-banner-image\">\n        <img loading=\"lazy\" decoding=\"async\" width=\"671\" height=\"448\" src=\"https:\/\/deingleichgewicht.com\/wp-content\/uploads\/2021\/02\/hygiene2.jpg\" class=\"attachment-full size-full\" alt=\"Shiatsu\" srcset=\"https:\/\/deingleichgewicht.com\/wp-content\/uploads\/2021\/02\/hygiene2.jpg 671w, https:\/\/deingleichgewicht.com\/wp-content\/uploads\/2021\/02\/hygiene2-300x200.jpg 300w, https:\/\/deingleichgewicht.com\/wp-content\/uploads\/2021\/02\/hygiene2-600x401.jpg 600w\" sizes=\"auto, (max-width: 671px) 100vw, 671px\" \/>    <\/div>\n    <div class=\"mkdf-banner-text-holder\" >\n\t    <div class=\"mkdf-banner-text-outer\">\n\t\t        <span class=\"mkdf-icon-shortcode mkdf-normal   \"  >\n        <i class=\"mkdf-icon-font-awesome fa fa-ambulance mkdf-icon-element\" style=\"\" ><\/i>    <\/span>\n                            <h2 class=\"mkdf-banner-title\" >\n                    Hygiene                <\/h2>\n            \t\t<\/div>\n\t<\/div>\n<\/div>[\/vc_column][vc_column width=&#8220;1\/4&#8243;]<div class=\"mkdf-interactive-banner-holder \">\n            <a class=\"mkdf-banner-link\" href=\"https:\/\/deingleichgewicht.com\/index.php\/shiatsu\/wirkung\/\" target=\"_self\"><\/a>\n        <div class=\"mkdf-banner-image\">\n        <img loading=\"lazy\" decoding=\"async\" width=\"930\" height=\"620\" src=\"https:\/\/deingleichgewicht.com\/wp-content\/uploads\/2020\/11\/Bild1.jpg\" class=\"attachment-full size-full\" alt=\"shiatsu\" srcset=\"https:\/\/deingleichgewicht.com\/wp-content\/uploads\/2020\/11\/Bild1.jpg 930w, https:\/\/deingleichgewicht.com\/wp-content\/uploads\/2020\/11\/Bild1-300x200.jpg 300w, https:\/\/deingleichgewicht.com\/wp-content\/uploads\/2020\/11\/Bild1-768x512.jpg 768w, https:\/\/deingleichgewicht.com\/wp-content\/uploads\/2020\/11\/Bild1-600x400.jpg 600w\" sizes=\"auto, (max-width: 930px) 100vw, 930px\" \/>    <\/div>\n    <div class=\"mkdf-banner-text-holder\" >\n\t    <div class=\"mkdf-banner-text-outer\">\n\t\t        <span class=\"mkdf-icon-shortcode mkdf-normal   \"  >\n        <i class=\"mkdf-icon-font-awesome fa fa-heart-o mkdf-icon-element\" style=\"\" ><\/i>    <\/span>\n                            <h2 class=\"mkdf-banner-title\" >\n                    Wirkung                <\/h2>\n            \t\t<\/div>\n\t<\/div>\n<\/div>[\/vc_column][vc_column width=&#8220;1\/4&#8243;]<div class=\"mkdf-interactive-banner-holder \">\n            <a class=\"mkdf-banner-link\" href=\"https:\/\/deingleichgewicht.com\/index.php\/shiatsu\/ablauf-einer-behandlung\/\" target=\"_self\"><\/a>\n        <div class=\"mkdf-banner-image\">\n        <img loading=\"lazy\" decoding=\"async\" width=\"671\" height=\"448\" src=\"https:\/\/deingleichgewicht.com\/wp-content\/uploads\/2021\/02\/eingang2-1.jpg\" class=\"attachment-full size-full\" alt=\"shiatsu\" srcset=\"https:\/\/deingleichgewicht.com\/wp-content\/uploads\/2021\/02\/eingang2-1.jpg 671w, https:\/\/deingleichgewicht.com\/wp-content\/uploads\/2021\/02\/eingang2-1-300x200.jpg 300w, https:\/\/deingleichgewicht.com\/wp-content\/uploads\/2021\/02\/eingang2-1-600x401.jpg 600w\" sizes=\"auto, (max-width: 671px) 100vw, 671px\" \/>    <\/div>\n    <div class=\"mkdf-banner-text-holder\" >\n\t    <div class=\"mkdf-banner-text-outer\">\n\t\t        <span class=\"mkdf-icon-shortcode mkdf-normal   \"  >\n        <i class=\"mkdf-icon-font-awesome fa fa-hand-peace-o mkdf-icon-element\" style=\"\" ><\/i>    <\/span>\n                            <h2 class=\"mkdf-banner-title\" >\n                    Ablauf                <\/h2>\n            \t\t<\/div>\n\t<\/div>\n<\/div>[\/vc_column][vc_column width=&#8220;1\/4&#8243;]<div class=\"mkdf-interactive-banner-holder \">\n            <a class=\"mkdf-banner-link\" href=\"https:\/\/deingleichgewicht.com\/index.php\/weitere-angebote\/seminare\/\" target=\"_self\"><\/a>\n        <div class=\"mkdf-banner-image\">\n        <img loading=\"lazy\" decoding=\"async\" width=\"672\" height=\"448\" src=\"https:\/\/deingleichgewicht.com\/wp-content\/uploads\/2021\/02\/gespraech.jpg\" class=\"attachment-full size-full\" alt=\"Shiatsu gespr\u00e4ch\" srcset=\"https:\/\/deingleichgewicht.com\/wp-content\/uploads\/2021\/02\/gespraech.jpg 672w, https:\/\/deingleichgewicht.com\/wp-content\/uploads\/2021\/02\/gespraech-300x200.jpg 300w, https:\/\/deingleichgewicht.com\/wp-content\/uploads\/2021\/02\/gespraech-600x400.jpg 600w\" sizes=\"auto, (max-width: 672px) 100vw, 672px\" \/>    <\/div>\n    <div class=\"mkdf-banner-text-holder\" >\n\t    <div class=\"mkdf-banner-text-outer\">\n\t\t        <span class=\"mkdf-icon-shortcode mkdf-normal   \"  >\n        <i class=\"mkdf-icon-font-awesome fa fa-book mkdf-icon-element\" style=\"\" ><\/i>    <\/span>\n                            <h2 class=\"mkdf-banner-title\" >\n                    Seminare                <\/h2>\n            \t\t<\/div>\n\t<\/div>\n<\/div>[\/vc_column][\/vc_row][vc_row][vc_column width=&#8220;1\/4&#8243;]<div class=\"mkdf-interactive-banner-holder \">\n            <a class=\"mkdf-banner-link\" href=\"https:\/\/deingleichgewicht.com\/index.php\/shiatsu\/shiatsu-in-der-schwangerschaft\/\" target=\"_self\"><\/a>\n        <div class=\"mkdf-banner-image\">\n        <img loading=\"lazy\" decoding=\"async\" width=\"672\" height=\"448\" src=\"https:\/\/deingleichgewicht.com\/wp-content\/uploads\/2021\/02\/schwangerschaft.jpg\" class=\"attachment-full size-full\" alt=\"Shiatsu\" srcset=\"https:\/\/deingleichgewicht.com\/wp-content\/uploads\/2021\/02\/schwangerschaft.jpg 672w, https:\/\/deingleichgewicht.com\/wp-content\/uploads\/2021\/02\/schwangerschaft-300x200.jpg 300w, https:\/\/deingleichgewicht.com\/wp-content\/uploads\/2021\/02\/schwangerschaft-600x400.jpg 600w\" sizes=\"auto, (max-width: 672px) 100vw, 672px\" \/>    <\/div>\n    <div class=\"mkdf-banner-text-holder\" >\n\t    <div class=\"mkdf-banner-text-outer\">\n\t\t        <span class=\"mkdf-icon-shortcode mkdf-normal   \"  >\n        <i class=\"mkdf-icon-ion-icon ion-ios-flower mkdf-icon-element\" style=\"\" ><\/i>    <\/span>\n                            <h2 class=\"mkdf-banner-title\" >\n                    Schwanger- schaft                <\/h2>\n            \t\t<\/div>\n\t<\/div>\n<\/div>[\/vc_column][vc_column width=&#8220;1\/4&#8243;]<div class=\"mkdf-interactive-banner-holder \">\n            <a class=\"mkdf-banner-link\" href=\"https:\/\/deingleichgewicht.com\/index.php\/shiatsu\/narbenentstoerung\/\" target=\"_self\"><\/a>\n        <div class=\"mkdf-banner-image\">\n        <img loading=\"lazy\" decoding=\"async\" width=\"671\" height=\"448\" src=\"https:\/\/deingleichgewicht.com\/wp-content\/uploads\/2021\/02\/narbe.jpg\" class=\"attachment-full size-full\" alt=\"Narbenentst\u00f6rung\" srcset=\"https:\/\/deingleichgewicht.com\/wp-content\/uploads\/2021\/02\/narbe.jpg 671w, https:\/\/deingleichgewicht.com\/wp-content\/uploads\/2021\/02\/narbe-300x200.jpg 300w, https:\/\/deingleichgewicht.com\/wp-content\/uploads\/2021\/02\/narbe-600x401.jpg 600w\" sizes=\"auto, (max-width: 671px) 100vw, 671px\" \/>    <\/div>\n    <div class=\"mkdf-banner-text-holder\" >\n\t    <div class=\"mkdf-banner-text-outer\">\n\t\t        <span class=\"mkdf-icon-shortcode mkdf-normal   \"  >\n        <i class=\"mkdf-icon-linea-icon icon-weather-lightning mkdf-icon-element\" style=\"\" ><\/i>    <\/span>\n                            <h2 class=\"mkdf-banner-title\" >\n                    Narben- entst\u00f6rung                <\/h2>\n            \t\t<\/div>\n\t<\/div>\n<\/div>[\/vc_column][vc_column width=&#8220;1\/4&#8243;]<div class=\"mkdf-interactive-banner-holder \">\n            <a class=\"mkdf-banner-link\" href=\"https:\/\/deingleichgewicht.com\/index.php\/weitere-angebote\/bgf\/\" target=\"_self\"><\/a>\n        <div class=\"mkdf-banner-image\">\n        <img loading=\"lazy\" decoding=\"async\" width=\"672\" height=\"448\" src=\"https:\/\/deingleichgewicht.com\/wp-content\/uploads\/2021\/02\/Shiatsubein2.jpg\" class=\"attachment-full size-full\" alt=\"\" srcset=\"https:\/\/deingleichgewicht.com\/wp-content\/uploads\/2021\/02\/Shiatsubein2.jpg 672w, https:\/\/deingleichgewicht.com\/wp-content\/uploads\/2021\/02\/Shiatsubein2-300x200.jpg 300w, https:\/\/deingleichgewicht.com\/wp-content\/uploads\/2021\/02\/Shiatsubein2-600x400.jpg 600w\" sizes=\"auto, (max-width: 672px) 100vw, 672px\" \/>    <\/div>\n    <div class=\"mkdf-banner-text-holder\" >\n\t    <div class=\"mkdf-banner-text-outer\">\n\t\t        <span class=\"mkdf-icon-shortcode mkdf-normal   \"  >\n        <i class=\"mkdf-icon-font-awesome fa fa-hand-o-up mkdf-icon-element\" style=\"\" ><\/i>    <\/span>\n                            <h2 class=\"mkdf-banner-title\" >\n                    Shiatsu f\u00fcr Unternehmen                <\/h2>\n            \t\t<\/div>\n\t<\/div>\n<\/div>[\/vc_column][vc_column width=&#8220;1\/4&#8243;]<div class=\"mkdf-interactive-banner-holder \">\n            <a class=\"mkdf-banner-link\" href=\"https:\/\/deingleichgewicht.com\/index.php\/termine-und-preise\/\" target=\"_self\"><\/a>\n        <div class=\"mkdf-banner-image\">\n        <img loading=\"lazy\" decoding=\"async\" width=\"671\" height=\"448\" src=\"https:\/\/deingleichgewicht.com\/wp-content\/uploads\/2021\/02\/eingang2-1.jpg\" class=\"attachment-full size-full\" alt=\"shiatsu\" srcset=\"https:\/\/deingleichgewicht.com\/wp-content\/uploads\/2021\/02\/eingang2-1.jpg 671w, https:\/\/deingleichgewicht.com\/wp-content\/uploads\/2021\/02\/eingang2-1-300x200.jpg 300w, https:\/\/deingleichgewicht.com\/wp-content\/uploads\/2021\/02\/eingang2-1-600x401.jpg 600w\" sizes=\"auto, (max-width: 671px) 100vw, 671px\" \/>    <\/div>\n    <div class=\"mkdf-banner-text-holder\" >\n\t    <div class=\"mkdf-banner-text-outer\">\n\t\t        <span class=\"mkdf-icon-shortcode mkdf-normal   \"  >\n        <i class=\"mkdf-icon-font-awesome fa fa-smile-o mkdf-icon-element\" style=\"\" ><\/i>    <\/span>\n                            <h2 class=\"mkdf-banner-title\" >\n                    Termine und Preise                <\/h2>\n            \t\t<\/div>\n\t<\/div>\n<\/div>[\/vc_column][\/vc_row]<\/p>\n<\/div>","protected":false},"excerpt":{"rendered":"<p>[vc_row][vc_column][vc_custom_heading text=&#8220;Was ist Shiatsu?&#8220; use_theme_fonts=&#8220;yes&#8220;][\/vc_column][\/vc_row][vc_row][vc_column][vc_column_text]Shiatsu ist eine urspr\u00fcnglich aus Japan stammende, ganzheitliche, manuelle K\u00f6rperarbeitsmethode. \u00dcbersetzt bedeutet Shiatsu so viel wie Fingerdruck. Im Wesentlichen versucht Shiatsu K\u00f6rper, Geist und Seele wieder in Einklang zu bringen und dient vor allem der Pr\u00e4vention. [&hellip;]<\/p>\n","protected":false},"author":1,"featured_media":296,"parent":0,"menu_order":0,"comment_status":"closed","ping_status":"closed","template":"","meta":{"footnotes":""},"class_list":["post-5","page","type-page","status-publish","has-post-thumbnail","hentry"],"_links":{"self":[{"href":"https:\/\/deingleichgewicht.com\/index.php\/wp-json\/wp\/v2\/pages\/5","targetHints":{"allow":["GET"]}}],"collection":[{"href":"https:\/\/deingleichgewicht.com\/index.php\/wp-json\/wp\/v2\/pages"}],"about":[{"href":"https:\/\/deingleichgewicht.com\/index.php\/wp-json\/wp\/v2\/types\/page"}],"author":[{"embeddable":true,"href":"https:\/\/deingleichgewicht.com\/index.php\/wp-json\/wp\/v2\/users\/1"}],"replies":[{"embeddable":true,"href":"https:\/\/deingleichgewicht.com\/index.php\/wp-json\/wp\/v2\/comments?post=5"}],"version-history":[{"count":48,"href":"https:\/\/deingleichgewicht.com\/index.php\/wp-json\/wp\/v2\/pages\/5\/revisions"}],"predecessor-version":[{"id":1929,"href":"https:\/\/deingleichgewicht.com\/index.php\/wp-json\/wp\/v2\/pages\/5\/revisions\/1929"}],"wp:featuredmedia":[{"embeddable":true,"href":"https:\/\/deingleichgewicht.com\/index.php\/wp-json\/wp\/v2\/media\/296"}],"wp:attachment":[{"href":"https:\/\/deingleichgewicht.com\/index.php\/wp-json\/wp\/v2\/media?parent=5"}],"curies":[{"name":"wp","href":"https:\/\/api.w.org\/{rel}","templated":true}]}}