{"id":61,"date":"2018-05-09T14:07:34","date_gmt":"2018-05-09T12:07:34","guid":{"rendered":"https:\/\/www.deingleichgewicht.com\/?page_id=61"},"modified":"2024-03-06T13:57:44","modified_gmt":"2024-03-06T12:57:44","slug":"bgf","status":"publish","type":"page","link":"https:\/\/deingleichgewicht.com\/index.php\/bgf\/","title":{"rendered":"BGF Angebote"},"content":{"rendered":"<div class=\"wpb-content-wrapper\"><p>[vc_row][vc_column][vc_custom_heading text=&#8220;Betriebliche Gesundheitsf\u00f6rderung&#8220; use_theme_fonts=&#8220;yes&#8220;][vc_column_text]Betriebliche Gesundheitsf\u00f6rderung hat das Ziel, Krankheiten am Arbeitsplatz vorzubeugen, Gesundheit zu st\u00e4rken und das Wohlbefinden der MitarbeiterInnen zu verbessern.<\/p>\n<p>Es geht in erster Linie darum die Gesundheit und die Lebensqualit\u00e4t der Besch\u00e4ftigten zu st\u00e4rken und nicht um einen zus\u00e4tzlichen Gewinn f\u00fcr das Unternehmen.<\/p>\n<p>In weiterer Folge entstehen dadurch zahlreiche Vorteile, sowohl f\u00fcr Ihr Unternehmen, als auch f\u00fcr die MitarbeiterInnen.<\/p>\n<p>Sei es ein besseres Arbeitsklima, eine h\u00f6here MitarbeiterInnenbindung und weniger Fluktuation, weniger Krankenstandstage, mehr Zufriedenheit, um nur einige zu nennen.<\/p>\n<p>Warten Sie nicht l\u00e4nger darauf! Vereinbaren Sie noch heute ein unverbindliches Beratungsgespr\u00e4ch.<\/p>\n<p>&nbsp;<\/p>\n<p><strong>In welcher Form kann eine Zusammenarbeit erfolgen?\u00a0<\/strong><\/p>\n<ul>\n<li>Vortr\u00e4ge und Schulungen (Themen: Shiatsu, Massagetechniken f\u00fcr Zuhause, Meridianpunkte f\u00fcr die Konzentration uvm.) sowohl live als auch online<\/li>\n<li>Doin Yogilates online<\/li>\n<li>Shiatsu in Ihrem Unternehmen (Unterst\u00fctzung bei der Suche nach der passenden PraktikerIN)<\/li>\n<li>Gutscheine (also Form eines Bonus und non-finanziellen Anreizes)<\/li>\n<\/ul>\n<p>[\/vc_column_text][vc_empty_space][\/vc_column][\/vc_row][vc_row][vc_column width=&#8220;1\/3&#8243;][vc_empty_space][vc_text_separator title=&#8220;Yoga und Bewegung&#8220; i_icon_fontawesome=&#8220;fas fa-caret-right&#8220; i_color=&#8220;custom&#8220; style=&#8220;dotted&#8220; add_icon=&#8220;true&#8220; i_custom_color=&#8220;#d6b981&#8243;][vc_empty_space][vc_column_text]<strong>Yoga f\u00fcr dein Unternehmen<\/strong><\/p>\n<p>Ob w\u00f6chentliche Yogastunde, t\u00e4gliches online Yoga oder auch Seminare und Retreats (als Teil von Teambuildingevents). Ich habe das passende Angebot f\u00fcr dich.<\/p>\n<p>Gerne stelle ich dir und deinem Unternehmen dein individuelles Programm zusammen.<\/p>\n<p>[\/vc_column_text][\/vc_column][vc_column width=&#8220;1\/3&#8243;][vc_empty_space][vc_text_separator title=&#8220;Seminare und Workshops&#8220; i_icon_fontawesome=&#8220;fas fa-caret-right&#8220; i_color=&#8220;custom&#8220; style=&#8220;dotted&#8220; add_icon=&#8220;true&#8220; i_custom_color=&#8220;#d6b981&#8243;][vc_empty_space][vc_column_text]<strong>M\u00f6gliche Themenbereiche:<\/strong><\/p>\n<ul>\n<li>&#8222;Selfcare Shiatsu &#8211; Techniken f\u00fcr Schulter, Hals und Nacken&#8220;<\/li>\n<li>&#8222;Einfache 10 Minuten Bewegung am Arbeitsplatz und im Homeoffice&#8220;<\/li>\n<li>&#8222;Meridianpunkte f\u00fcr die bessere Konzentration&#8220;<\/li>\n<li>&#8222;Mit Meditation zu mehr Gelassenheit am Arbeitsplatz&#8220;<\/li>\n<li>individuelle Themenzusammenstellung angepasst an die Bed\u00fcrfnisse Ihres Unternehmens.<\/li>\n<\/ul>\n<p>Selfcare Shiatsu Worhshop erfolgreich durchgef\u00fchrt mit Unito.[\/vc_column_text][\/vc_column][vc_column width=&#8220;1\/3&#8243;][vc_empty_space][vc_text_separator title=&#8220;Weiteres&#8220; i_icon_fontawesome=&#8220;fas fa-caret-right&#8220; i_color=&#8220;custom&#8220; style=&#8220;dotted&#8220; add_icon=&#8220;true&#8220; i_custom_color=&#8220;#d6b981&#8243;][vc_empty_space][vc_column_text]<strong>Sie m\u00f6chten Shiatsu in Ihrem Unternehmen anbieten?<\/strong> Gerne unterst\u00fctze ich Sie auch bei der Suche nach einer geeigneten Shiatsupraktikerin \/ einem geeigneten Praktiker, die\/der in Ihr Unternehmen kommt um ihre MitarbeiterInnen zu entspannen. Denn die Suche nach einer wirklich guten Praktikerin\/ einem guten Praktiker klingt viel einfacher als gedacht.<\/p>\n<p>&nbsp;<\/p>\n<p><strong>Gutscheinaktionen\u00a0<\/strong><\/p>\n<p>Viele Unternehmen denken auch gerne an Weihnachten, zur Pensionierung oder zu sonstigen Feierlichkeiten an ihre MitarbeiterInnen. Gutscheine k\u00f6nnen hier ein ideales Geschenk als Zeichen der Wertsch\u00e4tzung sein. Gerne informiere ich Sie \u00fcber Ihre individuellen M\u00f6glichkeiten.[\/vc_column_text][\/vc_column][\/vc_row][vc_row][vc_column][vc_empty_space height=&#8220;64px&#8220;]<div class=\"mkdf-iwt clearfix  mkdf-iwt-icon-left mkdf-iwt-icon-medium\">\n\t<div class=\"mkdf-iwt-icon\">\n\t\t\t\t\t<a itemprop=\"url\" href=\"mailto:%20bianca@deingleichgewicht.com\" target=\"_self\">\n\t\t    <span class=\"mkdf-icon-shortcode mkdf-normal   mkdf-icon-medium\"  >\n        <i class=\"mkdf-icon-font-awesome fa fa-envelope mkdf-icon-element\" style=\"\" ><\/i>    <\/span>\n\t\t\t<\/a>\n\t\t\t<\/div>\n\t<div class=\"mkdf-iwt-content\" >\n\t\t\t\t\t<h5 class=\"mkdf-iwt-title\" >\n\t\t\t\t\t\t\t\t\t<a itemprop=\"url\" href=\"mailto:%20bianca@deingleichgewicht.com\" target=\"_self\">\n\t\t\t\t\t\t\t\t<span class=\"mkdf-iwt-title-text\">Hier Unterlagen anfordern<\/span>\n\t\t\t\t\t\t\t\t\t<\/a>\n\t\t\t\t\t\t\t<\/h5>\n\t\t\t\t\t\t\t<p class=\"mkdf-iwt-text\" style=\"margin-top: 5px\">Fordern Sie unter bianca@deingleichgewicht.com Unterlagen an, oder vereinbaren Sie besser noch gleich einen unverbindlichen und kostenlosen Beratungstermin.<\/p>\n\t\t\t<\/div>\n<\/div>[vc_empty_space height=&#8220;64px&#8220;][vc_text_separator title=&#8220;Vergangene und aktuelle Kooperationen mit Unternehmen&#8220; i_icon_fontawesome=&#8220;fas fa-sign-language&#8220; i_color=&#8220;custom&#8220; style=&#8220;dotted&#8220; add_icon=&#8220;true&#8220; i_custom_color=&#8220;#d6b981&#8243;][vc_empty_space][\/vc_column][\/vc_row][vc_row][vc_column width=&#8220;1\/6&#8243;][vc_single_image image=&#8220;1796&#8243;][vc_column_text]<strong>UNITO Versand &amp; Dienstleistungen GmbH<\/strong><\/p>\n<p>Projekt: Selfcare Shiatsu Workshop<\/p>\n<p>Ansprechpartnerin: <span lang=\"EN-US\">Laila Annabith, BA<\/span>[\/vc_column_text][\/vc_column][vc_column width=&#8220;1\/6&#8243;][vc_single_image image=&#8220;1797&#8243;][vc_column_text]<strong>AR Packaging Graz GmbH<\/strong><\/p>\n<p>Projekt: Shiatsu als Teil der BGF<\/p>\n<p>Ansprechpartner: Gerald Wirth, Betriebsrat[\/vc_column_text][\/vc_column][vc_column width=&#8220;1\/6&#8243;][vc_single_image image=&#8220;1798&#8243;][vc_column_text]<strong>Anton Paar GmbH<\/strong><\/p>\n<p>Projekt: Shiatsu als Teil der BGF<\/p>\n<p>AnsprechpartnerInnen:\u00a0 Harald Heitzer, Christina Seyfried[\/vc_column_text][\/vc_column][vc_column width=&#8220;1\/6&#8243;][vc_single_image image=&#8220;1799&#8243;][vc_column_text]<strong>BDI-BioEnergy International<\/strong><\/p>\n<p>Projekt: Shiatsu als Teil der BGF<br \/>\nGutscheinaktion von MitarbeiterInnen<\/p>\n<p>Ansprechpartnerinnen: Mag. Jeannine Putz, Karin Ovari[\/vc_column_text][\/vc_column][vc_column width=&#8220;1\/6&#8243;][vc_single_image image=&#8220;1800&#8243;][vc_column_text]<strong>Projekt Wohnen Gruppe GmbH<\/strong><\/p>\n<p>Projekt: Gutscheinaktion<\/p>\n<p>Ansprechpartner: Mag. Bartlomiej Norsesowicz[\/vc_column_text][\/vc_column][vc_column width=&#8220;1\/6&#8243;][vc_single_image image=&#8220;1801&#8243;][vc_column_text]<strong>Projekt Spielberg GmbH &amp; Co KG &#8211; Red Bull Ring<\/strong><\/p>\n<p>Projekte: Red Bull &#8211; Biathlon Camp &#8211; Doin Yoga Warmup<\/p>\n<p>Formel Eins &#8211; Doin Yoga Programm f\u00fcr Fahrer &amp; Crew<\/p>\n<p>AnsprechpartnerInnen: Mag. Pamela Angeringer, <span lang=\"EN-US\">Elvira Taferner, Gerold Sigle<\/span>[\/vc_column_text][\/vc_column][\/vc_row][vc_row][vc_column][vc_empty_space][\/vc_column][\/vc_row]<\/p>\n<\/div>","protected":false},"excerpt":{"rendered":"<p>[vc_row][vc_column][vc_custom_heading text=&#8220;Betriebliche Gesundheitsf\u00f6rderung&#8220; use_theme_fonts=&#8220;yes&#8220;][vc_column_text]Betriebliche Gesundheitsf\u00f6rderung hat das Ziel, Krankheiten am Arbeitsplatz vorzubeugen, Gesundheit zu st\u00e4rken und das Wohlbefinden der MitarbeiterInnen zu verbessern. Es geht in erster Linie darum die Gesundheit und die Lebensqualit\u00e4t der Besch\u00e4ftigten zu st\u00e4rken und nicht um [&hellip;]<\/p>\n","protected":false},"author":1,"featured_media":0,"parent":0,"menu_order":0,"comment_status":"closed","ping_status":"closed","template":"","meta":{"footnotes":""},"class_list":["post-61","page","type-page","status-publish","hentry"],"_links":{"self":[{"href":"https:\/\/deingleichgewicht.com\/index.php\/wp-json\/wp\/v2\/pages\/61","targetHints":{"allow":["GET"]}}],"collection":[{"href":"https:\/\/deingleichgewicht.com\/index.php\/wp-json\/wp\/v2\/pages"}],"about":[{"href":"https:\/\/deingleichgewicht.com\/index.php\/wp-json\/wp\/v2\/types\/page"}],"author":[{"embeddable":true,"href":"https:\/\/deingleichgewicht.com\/index.php\/wp-json\/wp\/v2\/users\/1"}],"replies":[{"embeddable":true,"href":"https:\/\/deingleichgewicht.com\/index.php\/wp-json\/wp\/v2\/comments?post=61"}],"version-history":[{"count":37,"href":"https:\/\/deingleichgewicht.com\/index.php\/wp-json\/wp\/v2\/pages\/61\/revisions"}],"predecessor-version":[{"id":2320,"href":"https:\/\/deingleichgewicht.com\/index.php\/wp-json\/wp\/v2\/pages\/61\/revisions\/2320"}],"wp:attachment":[{"href":"https:\/\/deingleichgewicht.com\/index.php\/wp-json\/wp\/v2\/media?parent=61"}],"curies":[{"name":"wp","href":"https:\/\/api.w.org\/{rel}","templated":true}]}}