{"id":77,"date":"2018-05-09T14:26:36","date_gmt":"2018-05-09T12:26:36","guid":{"rendered":"https:\/\/www.deingleichgewicht.com\/?page_id=77"},"modified":"2026-02-22T20:55:18","modified_gmt":"2026-02-22T19:55:18","slug":"termine-und-preise","status":"publish","type":"page","link":"https:\/\/deingleichgewicht.com\/index.php\/termine-und-preise\/","title":{"rendered":"Termine &#038; Preise"},"content":{"rendered":"<div class=\"wpb-content-wrapper\"><p>[vc_row row_content_width=&#8220;grid&#8220; css=&#8220;.vc_custom_1534844984663{background-position: center !important;background-repeat: no-repeat !important;background-size: cover !important;}&#8220;][vc_column parallax=&#8220;content-moving-fade&#8220; parallax_speed_bg=&#8220;&#8220; css_animation=&#8220;none&#8220; css=&#8220;.vc_custom_1530869666753{background-position: center !important;background-repeat: no-repeat !important;background-size: cover !important;}&#8220;]<div class=\"mkdf-section-title-holder  mkdf-st-standard mkdf-st-title-left mkdf-st-normal-space \" style=\"text-align: center\">\n\t<div class=\"mkdf-st-inner\">\n\t\t<svg version=\"1.1\" \n\t\t\t\tclass=\"mkdf-animated-svg\" \n\t\t\t\tid=\"mkdf-animated-svg-616\"\n\t\t\t\txmlns=\"http:\/\/www.w3.org\/2000\/svg\" xmlns:xlink=\"http:\/\/www.w3.org\/1999\/xlink\"\n\t\t\t\tx=\"0px\"\n\t\t\t\ty=\"0px\" \n\t\t\t\twidth=\"49px\" \n\t\t\t\theight=\"49px\" \n\t\t\t\tviewBox=\"0 0 49 49\" \n\t\t\t\tenable-background=\"new 0 0 49 49\" \n\t\t\t\txml:space=\"preserve\"><path xmlns=\"http:\/\/www.w3.org\/2000\/svg\" fill=\"none\" stroke=\"#D5B981\" stroke-width=\"1.75\" stroke-linecap=\"round\" stroke-miterlimit=\"10\" d=\"M20.365,25.008   c0,0-2.723,1.645-4.163,4.133c-1.439,2.49-0.817,4.824-0.7,5.719c0.116,0.896-0.156,2.296,0.428,4.086s3.151,4.941,5.797,6.458   c2.912,1.671,3.242,3.661,3.272,3.657c0.03-0.002,0.36-1.98,3.273-3.651c2.646-1.517,5.212-4.67,5.797-6.458   c0.582-1.79,0.31-3.19,0.427-4.086c0.115-0.895,0.739-3.229-0.701-5.719c-1.438-2.49-4.159-4.013-4.163-4.145   s2.725-1.653,4.163-4.143c1.44-2.491,0.816-4.825,0.701-5.72c-0.117-0.895,0.155-2.296-0.427-4.084   c-0.585-1.791-3.151-4.942-5.797-6.458c-2.913-1.67-3.226-3.66-3.273-3.658c-0.049,0.002-0.36,1.992-3.272,3.662   c-2.646,1.518-5.213,4.669-5.797,6.458c-0.583,1.791-0.312,3.19-0.428,4.085c-0.117,0.895-0.739,3.229,0.7,5.719   C17.642,23.355,20.365,25.008,20.365,25.008\" class=\"RMNQAmVi_0\"\/>\n<path xmlns=\"http:\/\/www.w3.org\/2000\/svg\" fill=\"none\" stroke=\"#D5B981\" stroke-width=\"1.75\" stroke-linecap=\"round\" stroke-miterlimit=\"10\" d=\"M21.728,28.282   c0,0-0.763,3.09-0.021,5.866c0.743,2.78,2.833,3.989,3.549,4.539c0.715,0.552,1.513,1.734,3.19,2.588   c1.681,0.854,5.723,1.264,8.667,0.468c3.239-0.878,4.816,0.356,4.898,0.271c0.082-0.084-1.146-1.655-0.269-4.896   c0.799-2.943,0.386-6.988-0.467-8.667c-0.853-1.678-2.035-2.475-2.587-3.19c-0.55-0.716-1.76-2.807-4.538-3.549   c-2.779-0.743-5.779,0.104-5.874,0.012c-0.098-0.09,0.755-3.094,0.014-5.873c-0.743-2.778-2.834-3.989-3.55-4.539   c-0.715-0.55-1.513-1.733-3.19-2.585c-1.678-0.854-5.723-1.267-8.667-0.469c-3.24,0.878-4.867-0.308-4.899-0.272   C7.936,8.041,9.139,9.65,8.261,12.891c-0.798,2.943-0.385,6.987,0.468,8.666c0.853,1.677,2.035,2.475,2.586,3.19   c0.55,0.716,1.76,2.807,4.539,3.549C18.633,29.039,21.728,28.282,21.728,28.282\" class=\"RMNQAmVi_1\"\/>\n<path xmlns=\"http:\/\/www.w3.org\/2000\/svg\" fill=\"none\" stroke=\"#D5B981\" stroke-width=\"1.75\" stroke-linecap=\"round\" stroke-miterlimit=\"10\" d=\"M25.007,29.638   c0,0,1.644,2.724,4.134,4.162c2.49,1.44,4.824,0.817,5.719,0.7s2.295,0.157,4.084-0.427c1.791-0.584,4.942-3.151,6.46-5.798   c1.669-2.912,3.659-3.242,3.657-3.273c-0.004-0.028-1.982-0.359-3.651-3.271c-1.518-2.646-4.669-5.213-6.46-5.797   c-1.789-0.583-3.189-0.312-4.084-0.427c-0.895-0.118-3.23-0.74-5.719,0.701c-2.49,1.438-4.014,4.159-4.146,4.162   c-0.132,0.003-1.654-2.724-4.144-4.162c-2.49-1.44-4.825-0.818-5.719-0.701c-0.895,0.117-2.295-0.156-4.085,0.427   c-1.79,0.583-4.941,3.151-6.458,5.798c-1.671,2.911-3.66,3.224-3.658,3.271c0.002,0.049,1.992,0.361,3.663,3.273   c1.517,2.646,4.668,5.214,6.458,5.798c1.79,0.584,3.19,0.312,4.085,0.427c0.895,0.117,3.229,0.74,5.719-0.7   C23.354,32.361,25.007,29.638,25.007,29.638\" class=\"RMNQAmVi_2\"\/>\n<path xmlns=\"http:\/\/www.w3.org\/2000\/svg\" fill=\"none\" stroke=\"#D5B981\" stroke-width=\"1.75\" stroke-linecap=\"round\" stroke-miterlimit=\"10\" d=\"M28.281,28.275   c0,0,3.089,0.762,5.866,0.021c2.78-0.744,3.99-2.834,4.54-3.55c0.55-0.714,1.734-1.512,2.587-3.19   c0.853-1.679,1.264-5.722,0.467-8.666c-0.877-3.24,0.311-4.853,0.272-4.9c-0.038-0.047-1.655,1.146-4.896,0.268   c-2.942-0.798-6.987-0.385-8.665,0.469c-1.678,0.853-2.477,2.035-3.191,2.585c-0.716,0.549-2.806,1.761-3.549,4.539   c-0.743,2.779,0.104,5.779,0.013,5.874c-0.091,0.095-3.095-0.756-5.874-0.013c-2.778,0.742-3.989,2.833-4.539,3.55   c-0.55,0.713-1.733,1.513-2.586,3.19c-0.853,1.677-1.266,5.722-0.468,8.665c0.878,3.24-0.391,4.778-0.272,4.899   c0.119,0.123,1.664-1.153,4.904-0.275c2.943,0.798,6.988,0.386,8.666-0.468c1.678-0.852,2.476-2.036,3.191-2.586   c0.715-0.551,2.805-1.761,3.55-4.539C29.038,31.37,28.281,28.275,28.281,28.275\" class=\"RMNQAmVi_3\"\/><\/svg>\n\t\t\t\t\t<div class=\"mkdf-separator-holder clearfix\">\n\t\t\t\t<div class=\"mkdf-separator\"><\/div>\n\t\t\t<\/div>\n\t\t\t\t\t\t\t<h2 class=\"mkdf-st-title\" >\n\t\t\t\tTermine\t\t\t<\/h2>\n\t\t\t\t\t<\/div>\n<\/div>[vc_empty_space][\/vc_column][\/vc_row][vc_row][vc_column][\/vc_column][\/vc_row][vc_row][vc_column width=&#8220;1\/2&#8243;]<div class=\"mkdf-iwt clearfix  mkdf-iwt-icon-left mkdf-iwt-icon-medium\">\n\t<div class=\"mkdf-iwt-icon\">\n\t\t    <span class=\"mkdf-icon-shortcode mkdf-normal   mkdf-icon-medium\"  >\n        <i class=\"mkdf-icon-font-awesome fa fa-thumbs-up mkdf-icon-element\" style=\"\" ><\/i>    <\/span>\n\t<\/div>\n\t<div class=\"mkdf-iwt-content\" >\n\t\t\t\t\t<h5 class=\"mkdf-iwt-title\" >\n\t\t\t\t\t\t\t\t<span class=\"mkdf-iwt-title-text\">Info<\/span>\n\t\t\t\t\t\t\t<\/h5>\n\t\t\t\t\t\t\t<p class=\"mkdf-iwt-text\" style=\"margin-top: 2px\">Buche dich am besten gleich \u00fcber den Buchungskalender ein, dort sind alle Verf\u00fcgbaren Termine aufgelistet. Auch Last Minute Termine findest du dort.<\/p>\n\t\t\t<\/div>\n<\/div>[vc_empty_space][vc_column_text]<strong>\u00d6ffnungszeiten: Termin nur nach Vereinbarung<\/strong><\/p>\n<p>Gerne bespreche ich mit dir deine Anliegen auch pers\u00f6nlich. Da wir w\u00e4rhend Behandlungen nicht abheben k\u00f6nnen, bitten wir dich auf die Mailbox zu reden und wir werden innerhalb der Gesch\u00e4ftszeiten so bald als m\u00f6glich zur\u00fcckrufen.<\/p>\n<p>&nbsp;<\/p>\n<h6><\/h6>\n<p>[\/vc_column_text][vc_empty_space][\/vc_column][vc_column width=&#8220;1\/2&#8243;]<div class=\"mkdf-iwt clearfix  mkdf-iwt-icon-left mkdf-iwt-icon-medium\">\n\t<div class=\"mkdf-iwt-icon\">\n\t\t\t\t\t<a itemprop=\"url\" href=\"http:\/\/www.facebook.com\/deingleichgewicht\" target=\"_blank\">\n\t\t    <span class=\"mkdf-icon-shortcode mkdf-normal   mkdf-icon-medium\"  >\n        <i class=\"mkdf-icon-font-awesome fa fa-facebook-official mkdf-icon-element\" style=\"\" ><\/i>    <\/span>\n\t\t\t<\/a>\n\t\t\t<\/div>\n\t<div class=\"mkdf-iwt-content\" >\n\t\t\t\t\t<h5 class=\"mkdf-iwt-title\" >\n\t\t\t\t\t\t\t\t\t<a itemprop=\"url\" href=\"http:\/\/www.facebook.com\/deingleichgewicht\" target=\"_blank\">\n\t\t\t\t\t\t\t\t<span class=\"mkdf-iwt-title-text\">LAST MINUTE Termine auf FB und Instagram<\/span>\n\t\t\t\t\t\t\t\t\t<\/a>\n\t\t\t\t\t\t\t<\/h5>\n\t\t\t\t\t\t\t<p class=\"mkdf-iwt-text\" style=\"margin-top: 2px\">Besuche mich auch auf Facebook und like meine Seite, oder folge mir auf Instagram (@deingleichgewicht). Hier werden, je nach Verf\u00fcgbarkeit, Last Minute Termine ver\u00f6ffentlicht.<\/p>\n\t\t\t<\/div>\n<\/div>[vc_empty_space][vc_row_inner content_text_aligment=&#8220;center&#8220;][vc_column_inner width=&#8220;1\/2&#8243;]<a itemprop=\"url\" href=\"http:\/\/www.facebook.com\/deingleichgewicht\" target=\"_blank\"  class=\"mkdf-btn mkdf-btn-medium mkdf-btn-solid mkdf-btn-icon\"  >\n    <span class=\"mkdf-btn-text\">Facebook<\/span>\n    <i class=\"mkdf-icon-font-awesome fa fa-facebook-official \" ><\/i>\t<\/a>[vc_empty_space][\/vc_column_inner][vc_column_inner width=&#8220;1\/2&#8243;]<a itemprop=\"url\" href=\"https:\/\/www.instagram.com\/deingleichgewicht\" target=\"_blank\"  class=\"mkdf-btn mkdf-btn-medium mkdf-btn-solid mkdf-btn-icon\"  >\n    <span class=\"mkdf-btn-text\">Instagram<\/span>\n    <i class=\"mkdf-icon-font-awesome fa fa-facebook-official \" ><\/i>\t<\/a>[vc_empty_space][\/vc_column_inner][\/vc_row_inner]<div class=\"mkdf-iwt clearfix  mkdf-iwt-icon-left mkdf-iwt-icon-medium\">\n\t<div class=\"mkdf-iwt-icon\">\n\t\t    <span class=\"mkdf-icon-shortcode mkdf-normal   mkdf-icon-medium\"  >\n        <i class=\"mkdf-icon-font-awesome fa fa-laptop mkdf-icon-element\" style=\"\" ><\/i>    <\/span>\n\t<\/div>\n\t<div class=\"mkdf-iwt-content\" >\n\t\t\t\t\t<h5 class=\"mkdf-iwt-title\" >\n\t\t\t\t\t\t\t\t<span class=\"mkdf-iwt-title-text\">Resttermine per Newsletter<\/span>\n\t\t\t\t\t\t\t<\/h5>\n\t\t\t\t\t\t\t<p class=\"mkdf-iwt-text\" style=\"margin-top: 2px\">Resttermine werden neben anderen genialen Infos auch immer per Newsletter ausgeschrieben. Hier kannst du dich anmelden.<\/p>\n\t\t\t<\/div>\n<\/div>[vc_empty_space height=&#8220;8px&#8220;][vc_raw_html]JTNDJTIxLS0lMjBCZWdpbiUyME1haWxjaGltcCUyMFNpZ251cCUyMEZvcm0lMjAtLSUzRSUwQSUzQ2xpbmslMjBocmVmJTNEJTIyJTJGJTJGY2RuLWltYWdlcy5tYWlsY2hpbXAuY29tJTJGZW1iZWRjb2RlJTJGc2xpbS0xMF83LmNzcyUyMiUyMHJlbCUzRCUyMnN0eWxlc2hlZXQlMjIlMjB0eXBlJTNEJTIydGV4dCUyRmNzcyUyMiUzRSUwQSUzQ3N0eWxlJTIwdHlwZSUzRCUyMnRleHQlMkZjc3MlMjIlM0UlMEElMDklMjNtY19lbWJlZF9zaWdudXAlN0JiYWNrZ3JvdW5kJTNBJTIzZmZmJTNCJTIwY2xlYXIlM0FsZWZ0JTNCJTIwZm9udCUzQTE0cHglMjBIZWx2ZXRpY2ElMkNBcmlhbCUyQ3NhbnMtc2VyaWYlM0IlMjAlN0QlMEElMDklMkYlMkElMjBBZGQlMjB5b3VyJTIwb3duJTIwTWFpbGNoaW1wJTIwZm9ybSUyMHN0eWxlJTIwb3ZlcnJpZGVzJTIwaW4lMjB5b3VyJTIwc2l0ZSUyMHN0eWxlc2hlZXQlMjBvciUyMGluJTIwdGhpcyUyMHN0eWxlJTIwYmxvY2suJTBBJTA5JTIwJTIwJTIwV2UlMjByZWNvbW1lbmQlMjBtb3ZpbmclMjB0aGlzJTIwYmxvY2slMjBhbmQlMjB0aGUlMjBwcmVjZWRpbmclMjBDU1MlMjBsaW5rJTIwdG8lMjB0aGUlMjBIRUFEJTIwb2YlMjB5b3VyJTIwSFRNTCUyMGZpbGUuJTIwJTJBJTJGJTBBJTNDJTJGc3R5bGUlM0UlMEElM0NkaXYlMjBpZCUzRCUyMm1jX2VtYmVkX3NpZ251cCUyMiUzRSUwQSUzQ2Zvcm0lMjBhY3Rpb24lM0QlMjJodHRwcyUzQSUyRiUyRmRlaW5nbGVpY2hnZXdpY2h0LnVzMS5saXN0LW1hbmFnZS5jb20lMkZzdWJzY3JpYmUlMkZwb3N0JTNGdSUzRGE0MjA4NWM4YTM1MWNlNTk0ZWExZjk1MjIlMjZhbXAlM0JpZCUzRDQ0YjU2ZTk0ZDUlMjIlMjBtZXRob2QlM0QlMjJwb3N0JTIyJTIwaWQlM0QlMjJtYy1lbWJlZGRlZC1zdWJzY3JpYmUtZm9ybSUyMiUyMG5hbWUlM0QlMjJtYy1lbWJlZGRlZC1zdWJzY3JpYmUtZm9ybSUyMiUyMGNsYXNzJTNEJTIydmFsaWRhdGUlMjIlMjB0YXJnZXQlM0QlMjJfYmxhbmslMjIlMjBub3ZhbGlkYXRlJTNFJTBBJTIwJTIwJTIwJTIwJTNDZGl2JTIwaWQlM0QlMjJtY19lbWJlZF9zaWdudXBfc2Nyb2xsJTIyJTNFJTBBJTA5JTNDbGFiZWwlMjBmb3IlM0QlMjJtY2UtRU1BSUwlMjIlM0VTdWJzY3JpYmUlM0MlMkZsYWJlbCUzRSUwQSUwOSUzQ2lucHV0JTIwdHlwZSUzRCUyMmVtYWlsJTIyJTIwdmFsdWUlM0QlMjIlMjIlMjBuYW1lJTNEJTIyRU1BSUwlMjIlMjBjbGFzcyUzRCUyMmVtYWlsJTIyJTIwaWQlM0QlMjJtY2UtRU1BSUwlMjIlMjBwbGFjZWhvbGRlciUzRCUyMmVtYWlsJTIwYWRkcmVzcyUyMiUyMHJlcXVpcmVkJTNFJTBBJTIwJTIwJTIwJTIwJTNDJTIxLS0lMjByZWFsJTIwcGVvcGxlJTIwc2hvdWxkJTIwbm90JTIwZmlsbCUyMHRoaXMlMjBpbiUyMGFuZCUyMGV4cGVjdCUyMGdvb2QlMjB0aGluZ3MlMjAtJTIwZG8lMjBub3QlMjByZW1vdmUlMjB0aGlzJTIwb3IlMjByaXNrJTIwZm9ybSUyMGJvdCUyMHNpZ251cHMtLSUzRSUwQSUyMCUyMCUyMCUyMCUzQ2RpdiUyMHN0eWxlJTNEJTIycG9zaXRpb24lM0ElMjBhYnNvbHV0ZSUzQiUyMGxlZnQlM0ElMjAtNTAwMHB4JTNCJTIyJTIwYXJpYS1oaWRkZW4lM0QlMjJ0cnVlJTIyJTNFJTNDaW5wdXQlMjB0eXBlJTNEJTIydGV4dCUyMiUyMG5hbWUlM0QlMjJiX2E0MjA4NWM4YTM1MWNlNTk0ZWExZjk1MjJfNDRiNTZlOTRkNSUyMiUyMHRhYmluZGV4JTNEJTIyLTElMjIlMjB2YWx1ZSUzRCUyMiUyMiUzRSUzQyUyRmRpdiUzRSUwQSUyMCUyMCUyMCUyMCUzQ2RpdiUyMGNsYXNzJTNEJTIyY2xlYXIlMjIlM0UlM0NpbnB1dCUyMHR5cGUlM0QlMjJzdWJtaXQlMjIlMjB2YWx1ZSUzRCUyMlN1YnNjcmliZSUyMiUyMG5hbWUlM0QlMjJzdWJzY3JpYmUlMjIlMjBpZCUzRCUyMm1jLWVtYmVkZGVkLXN1YnNjcmliZSUyMiUyMGNsYXNzJTNEJTIyYnV0dG9uJTIyJTNFJTNDJTJGZGl2JTNFJTBBJTIwJTIwJTIwJTIwJTNDJTJGZGl2JTNFJTBBJTNDJTJGZm9ybSUzRSUwQSUzQyUyRmRpdiUzRSUwQSUwQSUzQyUyMS0tRW5kJTIwbWNfZW1iZWRfc2lnbnVwLS0lM0U=[\/vc_raw_html][vc_empty_space height=&#8220;64px&#8220;][\/vc_column][\/vc_row][vc_row][vc_column][vc_row_inner][vc_column_inner width=&#8220;1\/2&#8243;][vc_column_text]<\/p>\n<h2>Termine direkt via Kalender buchen<\/h2>\n<h3>Ich freue mich \u00fcber deine Buchung! Achtung &#8211;\u00a0 die Terminbuchung ist verbindlich, bitte beachte die AGB und Stornobedingungen.<\/h3>\n<p>[\/vc_column_text][vc_empty_space][\/vc_column_inner][vc_column_inner width=&#8220;1\/2&#8243;][vc_column_text]<\/p>\n<blockquote><p><strong>Anwendung Buchungskalender:<\/strong><\/p><\/blockquote>\n<ul>\n<li>Suche dir aus bei wem du einen Termin buchen willst.<\/li>\n<li>Tipp deinen Namen &amp; deine Emailadresse ein.<\/li>\n<li>Gib bitte bei deinem ersten Termin unbedingt deine Telefonnummer an. Du kannst auch noch eine Mitteilung da lassen.<\/li>\n<li>Klicke dann auf Termin buchen.<\/li>\n<li>Dein Termin ist <strong>FIX<\/strong> f\u00fcr dich gebucht und du bekommst eine Best\u00e4tigungsmail sowie eine Terminerinnerung 24h Stunden vor deinem Termin. Du kannst \u00fcber dieses Mail deinen Termin umbuchen oder absagen, falls notwendig. <strong>Bitte beachte, dass dein Termin verbindlich ist und Absagen unter 48h in Rechnung gestellt werden.<\/strong><\/li>\n<li>Abrechnung: Bitte direkt mit der jeweiligen Behandlerin abrechnen..<\/li>\n<\/ul>\n<p>[\/vc_column_text][vc_empty_space][\/vc_column_inner][\/vc_row_inner][vc_empty_space][\/vc_column][\/vc_row][vc_row][vc_column width=&#8220;1\/3&#8243;][vc_raw_html]JTNDJTIxLS0lMjBDYWxlbmRseSUyMElubGluZS1XaWRnZXQlMjBCZWdpbm4lMjAtLSUzRSUwQSUzQ2RpdiUyMGNsYXNzJTNEJTIyY2FsZW5kbHktaW5saW5lLXdpZGdldCUyMiUyMGRhdGEtdXJsJTNEJTIyaHR0cHMlM0ElMkYlMkZjYWxlbmRseS5jb20lMkZkZWluZ2xlaWNoZ2V3aWNodCUyRnNoaWF0c3UlM0ZwcmltYXJ5X2NvbG9yJTNEZDZiOTgxJTIyJTIwc3R5bGUlM0QlMjJtaW4td2lkdGglM0EzMjBweCUzQmhlaWdodCUzQTEyNTBweCUzQiUyMiUzRSUzQyUyRmRpdiUzRSUwQSUzQ3NjcmlwdCUyMHR5cGUlM0QlMjJ0ZXh0JTJGamF2YXNjcmlwdCUyMiUyMHNyYyUzRCUyMmh0dHBzJTNBJTJGJTJGYXNzZXRzLmNhbGVuZGx5LmNvbSUyRmFzc2V0cyUyRmV4dGVybmFsJTJGd2lkZ2V0LmpzJTIyJTIwYXN5bmMlM0UlM0MlMkZzY3JpcHQlM0UlMEElM0MlMjEtLSUyMENhbGVuZGx5JTIwSW5saW5lLVdpZGdldCUyMEVuZGUlMjAtLSUzRQ==[\/vc_raw_html][\/vc_column][vc_column width=&#8220;1\/3&#8243;][vc_raw_html]JTNDJTIxLS0lMjBDYWxlbmRseSUyMElubGluZS1XaWRnZXQlMjBCZWdpbm4lMjAtLSUzRSUwQSUzQ2RpdiUyMGNsYXNzJTNEJTIyY2FsZW5kbHktaW5saW5lLXdpZGdldCUyMiUyMGRhdGEtdXJsJTNEJTIyaHR0cHMlM0ElMkYlMkZjYWxlbmRseS5jb20lMkZkZWluZ2xlaWNoZ2V3aWNodCUyRnNoaWF0c3UtbWl0LWx1Y2lhJTNGcHJpbWFyeV9jb2xvciUzRGExMDBmZiUyMiUyMHN0eWxlJTNEJTIybWluLXdpZHRoJTNBMzIwcHglM0JoZWlnaHQlM0ExMjUwcHglM0IlMjIlM0UlM0MlMkZkaXYlM0UlMEElM0NzY3JpcHQlMjB0eXBlJTNEJTIydGV4dCUyRmphdmFzY3JpcHQlMjIlMjBzcmMlM0QlMjJodHRwcyUzQSUyRiUyRmFzc2V0cy5jYWxlbmRseS5jb20lMkZhc3NldHMlMkZleHRlcm5hbCUyRndpZGdldC5qcyUyMiUyMGFzeW5jJTNFJTNDJTJGc2NyaXB0JTNFJTBBJTNDJTIxLS0lMjBDYWxlbmRseSUyMElubGluZS1XaWRnZXQlMjBFbmRlJTIwLS0lM0U=[\/vc_raw_html][\/vc_column][vc_column width=&#8220;1\/3&#8243;][vc_raw_html css=&#8220;&#8220;]JTNDJTIxLS0lMjBDYWxlbmRseSUyMElubGluZS1XaWRnZXQlMjBCZWdpbm4lMjAtLSUzRSUwQSUzQ2RpdiUyMGNsYXNzJTNEJTIyY2FsZW5kbHktaW5saW5lLXdpZGdldCUyMiUyMGRhdGEtdXJsJTNEJTIyaHR0cHMlM0ElMkYlMkZjYWxlbmRseS5jb20lMkZkZWluZ2xlaWNoZ2V3aWNodCUyRmRhbmllbGElM0ZwcmltYXJ5X2NvbG9yJTNEMDBmZmY0JTIyJTIwc3R5bGUlM0QlMjJtaW4td2lkdGglM0EzMjBweCUzQmhlaWdodCUzQTE0MDBweCUzQiUyMiUzRSUzQyUyRmRpdiUzRSUwQSUzQ3NjcmlwdCUyMHR5cGUlM0QlMjJ0ZXh0JTJGamF2YXNjcmlwdCUyMiUyMHNyYyUzRCUyMmh0dHBzJTNBJTJGJTJGYXNzZXRzLmNhbGVuZGx5LmNvbSUyRmFzc2V0cyUyRmV4dGVybmFsJTJGd2lkZ2V0LmpzJTIyJTIwYXN5bmMlM0UlM0MlMkZzY3JpcHQlM0UlMEElM0MlMjEtLSUyMENhbGVuZGx5JTIwSW5saW5lLVdpZGdldCUyMEVuZGUlMjAtLSUzRQ==[\/vc_raw_html][\/vc_column][\/vc_row][vc_row][vc_column][vc_custom_heading text=&#8220;Preise&#8220; use_theme_fonts=&#8220;yes&#8220;][vc_column_text]<\/p>\n<h3>Shiatsu<\/h3>\n<p>[\/vc_column_text][vc_empty_space][\/vc_column][\/vc_row][vc_row css=&#8220;.vc_custom_1602004702276{background-image: url(http:\/\/deingleichgewicht.com\/wp-content\/uploads\/2020\/10\/shiatsuoutdoor4.jpg?id=1273) !important;background-position: center !important;background-repeat: no-repeat !important;background-size: cover !important;}&#8220;][vc_column]<div class=\"mkdf-pricing-tables clearfix mkdf-two-columns mkdf-large-space\"><div class=\"mkdf-pt-wrapper mkdf-outer-space\"><div class=\"mkdf-price-table mkdf-item-space \">\n\t<div class=\"mkdf-pt-inner\" style=\"background-color: rgba(255,255,255,0.8)\">\n\t\t<ul>\n\t\t\t<li class=\"mkdf-pt-title-holder\">\n\t\t\t\t<span class=\"mkdf-pt-title\" >Shiatsu - classic<\/span>\n\t\t\t<\/li>\n\t\t\t<li class=\"mkdf-pt-prices\">\n\t\t\t\t<sup class=\"mkdf-pt-value\" >\u20ac<\/sup>\n\t\t\t\t<span class=\"mkdf-pt-price\" >79,-<\/span>\n\t\t\t\t<h6 class=\"mkdf-pt-mark\" >Einheit<\/h6>\n\t\t\t<\/li>\n\t\t\t<li class=\"mkdf-pt-content\">\n\t\t\t\tDauer der Shiatsueinheit:\u00a0 50 Minuten<\/p>\n<p>&nbsp;<\/p>\n<p>Shiatsu &#8222;classic&#8220; ist genau der richtige Einstieg f\u00fcr dich. Die klassische Dauer von 50 Minuten eignet sich bestens um zu entspannen und einzelne Themenbereiche genauer zu beleuchten.<\/p>\n<p>Preise ab April 2024\t\t\t<\/li>\n\t\t\t\t\t<\/ul>\n\t<\/div>\n<\/div><div class=\"mkdf-price-table mkdf-item-space \">\n\t<div class=\"mkdf-pt-inner\" style=\"background-color: rgba(255,255,255,0.8)\">\n\t\t<ul>\n\t\t\t<li class=\"mkdf-pt-title-holder\">\n\t\t\t\t<span class=\"mkdf-pt-title\" >Shiatsu - premium<\/span>\n\t\t\t<\/li>\n\t\t\t<li class=\"mkdf-pt-prices\">\n\t\t\t\t<sup class=\"mkdf-pt-value\" >\u20ac<\/sup>\n\t\t\t\t<span class=\"mkdf-pt-price\" >97,-<\/span>\n\t\t\t\t<h6 class=\"mkdf-pt-mark\" >Einheit<\/h6>\n\t\t\t<\/li>\n\t\t\t<li class=\"mkdf-pt-content\">\n\t\t\t\tDauer der Shiatsueinheit: 70 Minuten<\/p>\n<p>&nbsp;<\/p>\n<p>Die Shiatsueinheiten sind dir immer viel zu schnell vorbei? Dann ist Shiatsu &#8222;premium&#8220; genau richtig f\u00fcr dich. Wir verl\u00e4ngern deine Einheit und du kannst so richtig gut entspannen. Weiters haben wir hier gen\u00fcgend Zeit um alle &#8222;Baustellen&#8220; anzugehen.<\/p>\n<p>Preise ab April 2024\t\t\t<\/li>\n\t\t\t\t\t<\/ul>\n\t<\/div>\n<\/div><\/div><\/div>[\/vc_column][\/vc_row][vc_row][vc_column][vc_column_text]<\/p>\n<h4>Kontodaten f\u00fcr \u00dcberweisungen<\/h4>\n<p>Mag. Bianca Florian<br \/>\nIBAN: AT21 2081 5000 4137 5205<\/p>\n<p>Bitte unter Verwendungszweck die Rechnungsnummer angeben, damit die Zahlung zugeordnet werden kann.<\/p>\n<p>&nbsp;<\/p>\n<h3><strong>Yoga<\/strong><\/h3>\n<p>je nach Variante unterschiedlich.<\/p>\n<p>Varianten: Pr\u00e4senzkurse (Pauschalen f\u00fcr ganze Kurse), Outdoorkurse (Einzeleinheiten) &amp; Onlinekurse (Einzeleinheiten und Pauschalen).<\/p>\n<p>Kurszeiten &amp; Informationen \u00fcber die Preise findest du unter der Rubrik Yoga &amp; Meditation beim jeweiligen Kurs.<\/p>\n<p>&nbsp;<\/p>\n<h3><strong>Seminare und Workshops<\/strong><\/h3>\n<p>Die Preise f\u00fcr Seminare variieren je nach Thema und L\u00e4nge.<\/p>\n<p>&nbsp;<\/p>\n<h3><strong>Betriebliche Gesundheitsf\u00f6rderung<\/strong><\/h3>\n<p>Preise f\u00fcr die betriebliche Gesundheitsf\u00f6rderung gibt es auf Anfrage.<\/p>\n<p>Wir stimmen gemeinsam ein individuelles Programm f\u00fcr Ihr Unternehmen ab.[\/vc_column_text][\/vc_column][\/vc_row][vc_row css=&#8220;.vc_custom_1528202053661{background-position: center !important;background-repeat: no-repeat !important;background-size: cover !important;}&#8220;][vc_column][vc_column_text]<\/p>\n<h2>R\u00fcckerstattung<\/h2>\n<p>[\/vc_column_text][vc_empty_space]<div class=\"mkdf-iwt clearfix  mkdf-iwt-icon-left mkdf-iwt-icon-medium\">\n\t<div class=\"mkdf-iwt-icon\">\n\t\t    <span class=\"mkdf-icon-shortcode mkdf-normal   mkdf-icon-medium\"  >\n        <i class=\"mkdf-icon-font-awesome fa fa-info-circle mkdf-icon-element\" style=\"\" ><\/i>    <\/span>\n\t<\/div>\n\t<div class=\"mkdf-iwt-content\" >\n\t\t\t\t\t<h5 class=\"mkdf-iwt-title\" >\n\t\t\t\t\t\t\t\t<span class=\"mkdf-iwt-title-text\">INFO:<\/span>\n\t\t\t\t\t\t\t<\/h5>\n\t\t\t\t\t\t\t<p class=\"mkdf-iwt-text\" >Einige Zusatzversicherungen \u00fcbernehmen einen Teil der Kosten, je nach Tarif. Wende dich diesbez\u00fcglich an deinen Versicherungsmakler.<\/p>\n\t\t\t<\/div>\n<\/div>[vc_empty_space]<div class=\"mkdf-iwt clearfix  mkdf-iwt-icon-left mkdf-iwt-icon-tiny\">\n\t<div class=\"mkdf-iwt-icon\">\n\t\t\t\t\t<a itemprop=\"url\" href=\"https:\/\/www.svagw.at\/portal27\/svaportal\/content?contentid=10007.751244&#038;viewmode=content\" target=\"_blank\">\n\t\t<img loading=\"lazy\" decoding=\"async\" width=\"74\" height=\"74\" src=\"https:\/\/deingleichgewicht.com\/wp-content\/uploads\/2018\/06\/Bild2.jpg\" class=\"attachment-full size-full\" alt=\"\" \/>\t\t\t<\/a>\n\t\t\t<\/div>\n\t<div class=\"mkdf-iwt-content\" >\n\t\t\t\t\t<h5 class=\"mkdf-iwt-title\" >\n\t\t\t\t\t\t\t\t\t<a itemprop=\"url\" href=\"https:\/\/www.svagw.at\/portal27\/svaportal\/content?contentid=10007.751244&#038;viewmode=content\" target=\"_blank\">\n\t\t\t\t\t\t\t\t<span class=\"mkdf-iwt-title-text\">SVA Gesundheitshunderter<\/span>\n\t\t\t\t\t\t\t\t\t<\/a>\n\t\t\t\t\t\t\t<\/h5>\n\t\t\t\t\t\t\t<p class=\"mkdf-iwt-text\" >Als Partnerin im SVA Gesundheitshunderter-System kannst du diesen bei mir einl\u00f6sen.<\/p>\n\t\t\t<\/div>\n<\/div>[vc_empty_space][\/vc_column][\/vc_row]<\/p>\n<\/div>","protected":false},"excerpt":{"rendered":"<p>[vc_row row_content_width=&#8220;grid&#8220; css=&#8220;.vc_custom_1534844984663{background-position: center !important;background-repeat: no-repeat !important;background-size: cover !important;}&#8220;][vc_column parallax=&#8220;content-moving-fade&#8220; parallax_speed_bg=&#8220;&#8220; css_animation=&#8220;none&#8220; css=&#8220;.vc_custom_1530869666753{background-position: center !important;background-repeat: no-repeat !important;background-size: cover !important;}&#8220;][vc_empty_space][\/vc_column][\/vc_row][vc_row][vc_column][\/vc_column][\/vc_row][vc_row][vc_column width=&#8220;1\/2&#8243;][vc_empty_space][vc_column_text]\u00d6ffnungszeiten: Termin nur nach Vereinbarung Gerne bespreche ich mit dir deine Anliegen auch pers\u00f6nlich. Da wir w\u00e4rhend Behandlungen nicht abheben k\u00f6nnen, [&hellip;]<\/p>\n","protected":false},"author":1,"featured_media":278,"parent":0,"menu_order":0,"comment_status":"closed","ping_status":"closed","template":"","meta":{"footnotes":""},"class_list":["post-77","page","type-page","status-publish","has-post-thumbnail","hentry"],"_links":{"self":[{"href":"https:\/\/deingleichgewicht.com\/index.php\/wp-json\/wp\/v2\/pages\/77","targetHints":{"allow":["GET"]}}],"collection":[{"href":"https:\/\/deingleichgewicht.com\/index.php\/wp-json\/wp\/v2\/pages"}],"about":[{"href":"https:\/\/deingleichgewicht.com\/index.php\/wp-json\/wp\/v2\/types\/page"}],"author":[{"embeddable":true,"href":"https:\/\/deingleichgewicht.com\/index.php\/wp-json\/wp\/v2\/users\/1"}],"replies":[{"embeddable":true,"href":"https:\/\/deingleichgewicht.com\/index.php\/wp-json\/wp\/v2\/comments?post=77"}],"version-history":[{"count":135,"href":"https:\/\/deingleichgewicht.com\/index.php\/wp-json\/wp\/v2\/pages\/77\/revisions"}],"predecessor-version":[{"id":2517,"href":"https:\/\/deingleichgewicht.com\/index.php\/wp-json\/wp\/v2\/pages\/77\/revisions\/2517"}],"wp:featuredmedia":[{"embeddable":true,"href":"https:\/\/deingleichgewicht.com\/index.php\/wp-json\/wp\/v2\/media\/278"}],"wp:attachment":[{"href":"https:\/\/deingleichgewicht.com\/index.php\/wp-json\/wp\/v2\/media?parent=77"}],"curies":[{"name":"wp","href":"https:\/\/api.w.org\/{rel}","templated":true}]}}